{"id":101,"date":"2021-01-04T17:42:56","date_gmt":"2021-01-04T16:42:56","guid":{"rendered":"http:\/\/www.laitenberger-kirchenmusik.de\/neu\/?page_id=101"},"modified":"2021-07-08T15:28:59","modified_gmt":"2021-07-08T13:28:59","slug":"notendownload","status":"publish","type":"page","link":"http:\/\/www.laitenberger-kirchenmusik.de\/neu\/notendownload\/","title":{"rendered":"Notendownload"},"content":{"rendered":"\n<div class=\"wp-block-group\"><div class=\"wp-block-group__inner-container is-layout-flow wp-block-group-is-layout-flow\">\n<div class=\"wp-block-group\"><div class=\"wp-block-group__inner-container is-layout-flow wp-block-group-is-layout-flow\">\n<figure class=\"wp-block-table is-style-regular\"><table><tbody><tr><td>&nbsp;<strong>Orgelmusik<\/strong><\/td><\/tr><tr><td>&nbsp;<\/td><\/tr><tr><td><a rel=\"noreferrer noopener\" href=\"http:\/\/www.laitenberger-kirchenmusik.de\/neu\/wp-content\/uploads\/2021\/01\/omensch.pdf\" target=\"_blank\">O Mensch, bewein dein S\u00fcnde gro\u00df &#8211; Choralvorspiel<\/a><br><a rel=\"noreferrer noopener\" href=\"http:\/\/www.laitenberger-kirchenmusik.de\/neu\/wp-content\/uploads\/2021\/01\/auf-mein-herz.pdf\" target=\"_blank\">Auf, auf, mein Herz, mit Freuden &#8211; Choralvorspiel&nbsp;<\/a><br><a rel=\"noreferrer noopener\" href=\"http:\/\/www.laitenberger-kirchenmusik.de\/neu\/wp-content\/uploads\/2021\/01\/jauchz-erd-und-himmel.pdf\" target=\"_blank\">Jauchz, Erd und Himmel &#8211; Choralvorspiel<\/a><\/td><\/tr><tr><td><a rel=\"noreferrer noopener\" href=\"http:\/\/www.laitenberger-kirchenmusik.de\/neu\/wp-content\/uploads\/2021\/01\/Pastorale.pdf\" target=\"_blank\">Pastorale (aus: Liebhaberst\u00fccke)<\/a><br><a rel=\"noreferrer noopener\" href=\"http:\/\/www.laitenberger-kirchenmusik.de\/neu\/wp-content\/uploads\/2021\/01\/Arabeske.pdf\" target=\"_blank\">Arabeske (aus: Liebhaberst\u00fccke)<\/a><\/td><\/tr><tr><td><a href=\"http:\/\/www.laitenberger-kirchenmusik.de\/neu\/wp-content\/uploads\/2021\/01\/orgelmusik_in_d_II_pastorale_druck.pdf\" target=\"_blank\" rel=\"noreferrer noopener\">Pastorale (2. Satz aus: Orgelmusik in d \u2013 Orgelsonate I)<\/a><\/td><\/tr><tr><td>&nbsp;<\/td><\/tr><tr><td><strong>Chormusik<\/strong><\/td><\/tr><tr><td>&nbsp;<\/td><\/tr><tr><td><a href=\"http:\/\/www.laitenberger-kirchenmusik.de\/neu\/wp-content\/uploads\/2021\/01\/Schwarzwald20131009.pdf\" target=\"_blank\" rel=\"noreferrer noopener\">Schwarzwald (&#8222;Seltsam sch\u00f6ne H\u00fcgelfluchten&#8220;), nach Hermann Hesse, f\u00fcr vierstimmigen Chor a capella<\/a><\/td><\/tr><tr><td><a rel=\"noreferrer noopener\" href=\"http:\/\/www.laitenberger-kirchenmusik.de\/neu\/wp-content\/uploads\/2021\/01\/christe-du-schoepfer-aller-welt.pdf\" target=\"_blank\">Christe, du Sch\u00f6pfer aller Welt. Choralmotette, vierstimmig<\/a> (4 MB)<\/td><\/tr><tr><td><a rel=\"noreferrer noopener\" href=\"http:\/\/www.laitenberger-kirchenmusik.de\/neu\/wp-content\/uploads\/2021\/01\/der-herr-ist-mein-Licht-und-mein-heil.pdf\" target=\"_blank\">Der Herr ist mein Licht und mein Heil. Psalm 27,1. Spruchmotette (aus: \u201cDrei Psalmspr\u00fcche\u201d), vierstimmig<\/a> (3,5 MB)<\/td><\/tr><tr><td><a href=\"http:\/\/www.laitenberger-kirchenmusik.de\/neu\/wp-content\/uploads\/2021\/01\/in-der-welt-habt-ihr-angst.pdf\" target=\"_blank\" rel=\"noreferrer noopener\">In der Welt habt ihr Angst. Johannes 16,33. Motette, sechsstimmig<\/a><\/td><\/tr><\/tbody><\/table><\/figure>\n<\/div><\/div>\n<\/div><\/div>\n","protected":false},"excerpt":{"rendered":"<p>&nbsp;Orgelmusik &nbsp; O Mensch, bewein dein S\u00fcnde gro\u00df &#8211; ChoralvorspielAuf, auf, mein Herz, mit Freuden &#8211; Choralvorspiel&nbsp;Jauchz, Erd und Himmel &#8211; Choralvorspiel Pastorale (aus: Liebhaberst\u00fccke)Arabeske (aus: Liebhaberst\u00fccke) Pastorale (2. Satz aus: Orgelmusik in d \u2013 Orgelsonate I) &nbsp; Chormusik &nbsp; Schwarzwald (&#8222;Seltsam sch\u00f6ne H\u00fcgelfluchten&#8220;), nach Hermann Hesse, f\u00fcr vierstimmigen Chor a capella Christe, du Sch\u00f6pfer [&hellip;]<\/p>\n","protected":false},"author":2,"featured_media":0,"parent":0,"menu_order":0,"comment_status":"closed","ping_status":"closed","template":"","meta":{"footnotes":""},"class_list":["post-101","page","type-page","status-publish","hentry"],"_links":{"self":[{"href":"http:\/\/www.laitenberger-kirchenmusik.de\/neu\/wp-json\/wp\/v2\/pages\/101","targetHints":{"allow":["GET"]}}],"collection":[{"href":"http:\/\/www.laitenberger-kirchenmusik.de\/neu\/wp-json\/wp\/v2\/pages"}],"about":[{"href":"http:\/\/www.laitenberger-kirchenmusik.de\/neu\/wp-json\/wp\/v2\/types\/page"}],"author":[{"embeddable":true,"href":"http:\/\/www.laitenberger-kirchenmusik.de\/neu\/wp-json\/wp\/v2\/users\/2"}],"replies":[{"embeddable":true,"href":"http:\/\/www.laitenberger-kirchenmusik.de\/neu\/wp-json\/wp\/v2\/comments?post=101"}],"version-history":[{"count":6,"href":"http:\/\/www.laitenberger-kirchenmusik.de\/neu\/wp-json\/wp\/v2\/pages\/101\/revisions"}],"predecessor-version":[{"id":293,"href":"http:\/\/www.laitenberger-kirchenmusik.de\/neu\/wp-json\/wp\/v2\/pages\/101\/revisions\/293"}],"wp:attachment":[{"href":"http:\/\/www.laitenberger-kirchenmusik.de\/neu\/wp-json\/wp\/v2\/media?parent=101"}],"curies":[{"name":"wp","href":"https:\/\/api.w.org\/{rel}","templated":true}]}}