{"id":113,"date":"2021-01-04T17:48:01","date_gmt":"2021-01-04T16:48:01","guid":{"rendered":"http:\/\/www.laitenberger-kirchenmusik.de\/neu\/?page_id=113"},"modified":"2021-07-08T15:36:05","modified_gmt":"2021-07-08T13:36:05","slug":"audiobeispiele","status":"publish","type":"page","link":"http:\/\/www.laitenberger-kirchenmusik.de\/neu\/audiobeispiele\/","title":{"rendered":"Audiobeispiele"},"content":{"rendered":"\n<p>Auf der Startseite ist der Beginn des Eingangschores\u00a0von &#8222;Psalm 104&#8220; in der Vertonung von Theophil Laitenberger zu h\u00f6ren.\u00a0<a href=\"http:\/\/www.laitenberger-kirchenmusik.de\/neu\/psalm-104\/\" data-type=\"URL\" data-id=\"http:\/\/www.laitenberger-kirchenmusik.de\/neu\/psalm-104\/\">Sie k\u00f6nnen diese Takte noch einmal anh\u00f6ren.<\/a><br><\/p>\n\n\n\n<p>Im folgenden k\u00f6nnen Sie weitere Ausschnitte&nbsp;aus Kompositionen von Th. Laitenberger h\u00f6ren.&nbsp;<\/p>\n\n\n\n<p>Aus <a href=\"http:\/\/www.laitenberger-kirchenmusik.de\/neu\/psalm-104\/\" data-type=\"URL\" data-id=\"http:\/\/www.laitenberger-kirchenmusik.de\/neu\/psalm-104\/\">&#8222;Psalm 104&#8220;<\/a><\/p>\n\n\n\n<p>Aus&nbsp;<a href=\"http:\/\/www.laitenberger-kirchenmusik.de\/neu\/konzert-es-dur\/\" data-type=\"URL\" data-id=\"http:\/\/www.laitenberger-kirchenmusik.de\/neu\/konzert-es-dur\/\">&#8222;Konzert Es-Dur&#8220;<\/a><\/p>\n\n\n\n<p>Aus &#8222;<a href=\"http:\/\/www.laitenberger-kirchenmusik.de\/neu\/sechs-hoelderlingesaenge\/\" data-type=\"URL\" data-id=\"http:\/\/www.laitenberger-kirchenmusik.de\/neu\/sechs-hoelderlingesaenge\/\">Sechs H\u00f6lderlin-Ges\u00e4nge&#8220;<\/a><\/p>\n\n\n\n<p>Aus <a href=\"http:\/\/www.laitenberger-kirchenmusik.de\/neu\/lieder-verschiedener-dichter\/\" data-type=\"URL\" data-id=\"http:\/\/www.laitenberger-kirchenmusik.de\/neu\/lieder-verschiedener-dichter\/\">&#8222;Lieder verschiedener Dichter&#8220;<\/a><\/p>\n\n\n\n<p>Aus <a href=\"http:\/\/www.laitenberger-kirchenmusik.de\/neu\/zeit-des-jeremia\/\" data-type=\"URL\" data-id=\"http:\/\/www.laitenberger-kirchenmusik.de\/neu\/zeit-des-jeremia\/\">\u201eZeit des Jeremia\u201c<\/a><\/p>\n","protected":false},"excerpt":{"rendered":"<p>Auf der Startseite ist der Beginn des Eingangschores\u00a0von &#8222;Psalm 104&#8220; in der Vertonung von Theophil Laitenberger zu h\u00f6ren.\u00a0Sie k\u00f6nnen diese Takte noch einmal anh\u00f6ren. Im folgenden k\u00f6nnen Sie weitere Ausschnitte&nbsp;aus Kompositionen von Th. Laitenberger h\u00f6ren.&nbsp; Aus &#8222;Psalm 104&#8220; Aus&nbsp;&#8222;Konzert Es-Dur&#8220; Aus &#8222;Sechs H\u00f6lderlin-Ges\u00e4nge&#8220; Aus &#8222;Lieder verschiedener Dichter&#8220; Aus \u201eZeit des Jeremia\u201c<\/p>\n","protected":false},"author":2,"featured_media":0,"parent":0,"menu_order":0,"comment_status":"closed","ping_status":"closed","template":"","meta":{"footnotes":""},"class_list":["post-113","page","type-page","status-publish","hentry"],"_links":{"self":[{"href":"http:\/\/www.laitenberger-kirchenmusik.de\/neu\/wp-json\/wp\/v2\/pages\/113","targetHints":{"allow":["GET"]}}],"collection":[{"href":"http:\/\/www.laitenberger-kirchenmusik.de\/neu\/wp-json\/wp\/v2\/pages"}],"about":[{"href":"http:\/\/www.laitenberger-kirchenmusik.de\/neu\/wp-json\/wp\/v2\/types\/page"}],"author":[{"embeddable":true,"href":"http:\/\/www.laitenberger-kirchenmusik.de\/neu\/wp-json\/wp\/v2\/users\/2"}],"replies":[{"embeddable":true,"href":"http:\/\/www.laitenberger-kirchenmusik.de\/neu\/wp-json\/wp\/v2\/comments?post=113"}],"version-history":[{"count":4,"href":"http:\/\/www.laitenberger-kirchenmusik.de\/neu\/wp-json\/wp\/v2\/pages\/113\/revisions"}],"predecessor-version":[{"id":296,"href":"http:\/\/www.laitenberger-kirchenmusik.de\/neu\/wp-json\/wp\/v2\/pages\/113\/revisions\/296"}],"wp:attachment":[{"href":"http:\/\/www.laitenberger-kirchenmusik.de\/neu\/wp-json\/wp\/v2\/media?parent=113"}],"curies":[{"name":"wp","href":"https:\/\/api.w.org\/{rel}","templated":true}]}}