{"id":125,"date":"2021-01-04T18:08:45","date_gmt":"2021-01-04T17:08:45","guid":{"rendered":"http:\/\/www.laitenberger-kirchenmusik.de\/neu\/?page_id=125"},"modified":"2021-01-04T18:08:45","modified_gmt":"2021-01-04T17:08:45","slug":"kontakte-fuer-weitergehende-information","status":"publish","type":"page","link":"http:\/\/www.laitenberger-kirchenmusik.de\/neu\/kontakte-fuer-weitergehende-information\/","title":{"rendered":"Kontakte f\u00fcr weitergehende Information"},"content":{"rendered":"\n<figure class=\"wp-block-table is-style-regular\"><table><tbody><tr><td><em><a href=\"https:\/\/www.calw.de\/stadtarchiv\/\">Stadtarchiv Calw<\/a>\u00a0(Leiterin: Dr. Maria Gramlich)<\/em><br>Im Zwinger 20, 75365 Calw<br>Telefon 07051-167260 \u00b7 E-Mail: stadtarchiv@calw.de<br>Dort befindet sich der gesamte musikalische Nachlass Th. Laitenbergers.\u00a0<br>Dort kann auch Notenmaterial angefordert werden (soweit noch ungedruckt).<\/td><\/tr><tr><td><\/td><\/tr><tr><td><em>Dr. Volkhard Laitenberger<\/em><br>Cyclopstr. 11, 13469 Berlin<br>Telefon 030-40913240 \u00b7 E-Mail\u00a0<a href=\"mailto:volkhard.laitenberger@gmx.de\">volkhard.laitenberger@gmx.de<\/a><\/td><\/tr><tr><td>*********************************<\/td><\/tr><tr><td>&nbsp;<\/td><\/tr><tr><td><em>Verband Evangelische Kirchenmusik in W\u00fcrttemberg e.V.\u00a0<\/em><br>&#8211; Bibliothek &#8211;<br>Gerokstra\u00dfe 19, 70184 Stuttgart<br>Telefon 0711-237193412 \u00b7 Fax 0711-237193411<br>E-Mail\u00a0<a href=\"mailto:bibliothek@kirchenmusik-wuerttemberg.de\">bibliothek@kirchenmusik-wuerttemberg.de<\/a><\/td><\/tr><tr><td>Mit Ausnahme der im Werkverzeichnis mit einem * versehenen Nummern\u00a0sind die Werke\u00a0Th. Laitenbergers dort\u00a0vorhanden oder nachgewiesen.<\/td><\/tr><tr><td>*********************************<\/td><\/tr><tr><td>&nbsp;<\/td><\/tr><tr><td><em>Stadtinformation Calw, Marktbr\u00fccke 1, 75365 Calw<\/em><br>Telefon 07051-96880 \u00b7 E-Mail\u00a0<a href=\"mailto:stadtinfo@calw.de\">stadtinfo@calw.de<\/a><\/td><\/tr><tr><td>Dort kann zur ausf\u00fchrlicheren Information eine kleine Publikation bezogen werden:<br>Und nicht in Klagen enden &#8230;<br>Der Calwer Komponist Theophil Laitenberger. 1903-1996.<br>Leben und Werk in Selbstzeugnissen.<br>Kleine Reihe der Gro\u00dfen Kreisstadt Calw. Band 16. 2003.<\/td><\/tr><tr><td>Diese\u00a0Publikation\u00a0enth\u00e4lt auch das hier vorliegende Werkverzeichnis, erg\u00e4nzt durch Werkeinf\u00fchrungen und \u2013kommentare, die sich im Nachlass des Komponisten fanden -in seiner Pl\u00fcderhausener Zeit aus verschiedenen Anl\u00e4ssen entstanden, meist als Erl\u00e4uterungen f\u00fcr Auff\u00fchrungsprogramme, als Hinweise bei Zusendungen von Werken an potentiell Interessierte oder als Vorbemerkungen zu den Partituren.<br>Diese Publikation kann auch \u00fcber den Buchhandel bezogen werden:\u00a0<br>ISBN 3-9806875-7-0<\/td><\/tr><tr><td>*********************************<\/td><\/tr><tr><td>&nbsp;<\/td><\/tr><tr><td>Ein ausf\u00fchrliches Laitenberger-Werkverzeichnis (LWV) mit Notenbeispielen ist \u00fcber den Buchhandel und das Stadtarchiv Calw zu beziehen:Erhard Frie\u00df:<br>Thematisch-systematisches Verzeichnis<br>der Werke von Theophil Laitenberger<br>(mit H\u00f6rproben-CD)<br>Herausgegeben von der Gro\u00dfen Kreisstadt Calw mit Unterst\u00fctzung der J\u00f6rg und Ingeborg Seybold-Stiftung. Calw 2016 (ISBN 978-3-939148-38-8).<\/td><\/tr><tr><td>&nbsp;<\/td><\/tr><tr><td>*********************************<\/td><\/tr><\/tbody><\/table><\/figure>\n","protected":false},"excerpt":{"rendered":"<p>Stadtarchiv Calw\u00a0(Leiterin: Dr. Maria Gramlich)Im Zwinger 20, 75365 CalwTelefon 07051-167260 \u00b7 E-Mail: stadtarchiv@calw.deDort befindet sich der gesamte musikalische Nachlass Th. Laitenbergers.\u00a0Dort kann auch Notenmaterial angefordert werden (soweit noch ungedruckt). Dr. Volkhard LaitenbergerCyclopstr. 11, 13469 BerlinTelefon 030-40913240 \u00b7 E-Mail\u00a0volkhard.laitenberger@gmx.de ********************************* &nbsp; Verband Evangelische Kirchenmusik in W\u00fcrttemberg e.V.\u00a0&#8211; Bibliothek &#8211;Gerokstra\u00dfe 19, 70184 StuttgartTelefon 0711-237193412 \u00b7 Fax 0711-237193411E-Mail\u00a0bibliothek@kirchenmusik-wuerttemberg.de [&hellip;]<\/p>\n","protected":false},"author":2,"featured_media":0,"parent":0,"menu_order":0,"comment_status":"closed","ping_status":"closed","template":"","meta":{"footnotes":""},"class_list":["post-125","page","type-page","status-publish","hentry"],"_links":{"self":[{"href":"http:\/\/www.laitenberger-kirchenmusik.de\/neu\/wp-json\/wp\/v2\/pages\/125","targetHints":{"allow":["GET"]}}],"collection":[{"href":"http:\/\/www.laitenberger-kirchenmusik.de\/neu\/wp-json\/wp\/v2\/pages"}],"about":[{"href":"http:\/\/www.laitenberger-kirchenmusik.de\/neu\/wp-json\/wp\/v2\/types\/page"}],"author":[{"embeddable":true,"href":"http:\/\/www.laitenberger-kirchenmusik.de\/neu\/wp-json\/wp\/v2\/users\/2"}],"replies":[{"embeddable":true,"href":"http:\/\/www.laitenberger-kirchenmusik.de\/neu\/wp-json\/wp\/v2\/comments?post=125"}],"version-history":[{"count":1,"href":"http:\/\/www.laitenberger-kirchenmusik.de\/neu\/wp-json\/wp\/v2\/pages\/125\/revisions"}],"predecessor-version":[{"id":126,"href":"http:\/\/www.laitenberger-kirchenmusik.de\/neu\/wp-json\/wp\/v2\/pages\/125\/revisions\/126"}],"wp:attachment":[{"href":"http:\/\/www.laitenberger-kirchenmusik.de\/neu\/wp-json\/wp\/v2\/media?parent=125"}],"curies":[{"name":"wp","href":"https:\/\/api.w.org\/{rel}","templated":true}]}}