{"id":127,"date":"2021-01-04T18:13:06","date_gmt":"2021-01-04T17:13:06","guid":{"rendered":"http:\/\/www.laitenberger-kirchenmusik.de\/neu\/?page_id=127"},"modified":"2021-01-04T18:13:06","modified_gmt":"2021-01-04T17:13:06","slug":"impressum","status":"publish","type":"page","link":"http:\/\/www.laitenberger-kirchenmusik.de\/neu\/impressum\/","title":{"rendered":"Impressum"},"content":{"rendered":"\n<figure class=\"wp-block-table is-style-regular\"><table><tbody><tr><td>\u00a0<em>Verantwortlich f\u00fcr den Inhalt dieser Website:<\/em><br>Dr. Volkhard Laitenberger, Cyclopstrasse 11<br>13469 Berlin,\u00a0<a href=\"mailto:volkhard.laitenberger@gmx.de\">volkhard.laitenberger@gmx.de<\/a><br><em>Die Rechte am musikalischen Nachlass<\/em><br><em>von Theophil Laitenberger liegen bei:<\/em><br>Dr. Volkhard Laitenberger, Cyclopstrasse 11<br>13469 Berlin, Tel. 030-40913240<br><a href=\"mailto:volkhard.laitenberger@gmx.de\">volkhard.laitenberger@gmx.de<\/a> sowie dem<br><br><em><a href=\"https:\/\/www.calw.de\/stadtarchiv\/\">Stadtarchiv Calw<\/a><\/em><br>Im Zwinger 20, 75365 Calw\u00a0<br>Telefon 07051-167260\u00a0<br><br>und dem Verlag\u00a0<a href=\"https:\/\/schmidmusic.de\/\">schmidmusic<\/a> Die Inhaber der Nutzungsrechte, insbesondere an den Audiobeispielen, haben, soweit sie erreichbar waren, einer Zitierung ausdr\u00fccklich zugestimmt.<br><br>Bei Verweisen dieser Website, die zu anderen Webseiten f\u00fchren, liegt die inhaltliche Verantwortung ausschlie\u00dflich beim Verfasser und Betreiber der jeweiligen Homepage.<\/td><\/tr><\/tbody><\/table><\/figure>\n","protected":false},"excerpt":{"rendered":"<p>\u00a0Verantwortlich f\u00fcr den Inhalt dieser Website:Dr. Volkhard Laitenberger, Cyclopstrasse 1113469 Berlin,\u00a0volkhard.laitenberger@gmx.deDie Rechte am musikalischen Nachlassvon Theophil Laitenberger liegen bei:Dr. Volkhard Laitenberger, Cyclopstrasse 1113469 Berlin, Tel. 030-40913240volkhard.laitenberger@gmx.de sowie dem Stadtarchiv CalwIm Zwinger 20, 75365 Calw\u00a0Telefon 07051-167260\u00a0 und dem Verlag\u00a0schmidmusic Die Inhaber der Nutzungsrechte, insbesondere an den Audiobeispielen, haben, soweit sie erreichbar waren, einer Zitierung ausdr\u00fccklich zugestimmt. [&hellip;]<\/p>\n","protected":false},"author":2,"featured_media":0,"parent":0,"menu_order":0,"comment_status":"closed","ping_status":"closed","template":"","meta":{"footnotes":""},"class_list":["post-127","page","type-page","status-publish","hentry"],"_links":{"self":[{"href":"http:\/\/www.laitenberger-kirchenmusik.de\/neu\/wp-json\/wp\/v2\/pages\/127","targetHints":{"allow":["GET"]}}],"collection":[{"href":"http:\/\/www.laitenberger-kirchenmusik.de\/neu\/wp-json\/wp\/v2\/pages"}],"about":[{"href":"http:\/\/www.laitenberger-kirchenmusik.de\/neu\/wp-json\/wp\/v2\/types\/page"}],"author":[{"embeddable":true,"href":"http:\/\/www.laitenberger-kirchenmusik.de\/neu\/wp-json\/wp\/v2\/users\/2"}],"replies":[{"embeddable":true,"href":"http:\/\/www.laitenberger-kirchenmusik.de\/neu\/wp-json\/wp\/v2\/comments?post=127"}],"version-history":[{"count":1,"href":"http:\/\/www.laitenberger-kirchenmusik.de\/neu\/wp-json\/wp\/v2\/pages\/127\/revisions"}],"predecessor-version":[{"id":128,"href":"http:\/\/www.laitenberger-kirchenmusik.de\/neu\/wp-json\/wp\/v2\/pages\/127\/revisions\/128"}],"wp:attachment":[{"href":"http:\/\/www.laitenberger-kirchenmusik.de\/neu\/wp-json\/wp\/v2\/media?parent=127"}],"curies":[{"name":"wp","href":"https:\/\/api.w.org\/{rel}","templated":true}]}}