{"id":15,"date":"2021-01-03T14:46:41","date_gmt":"2021-01-03T13:46:41","guid":{"rendered":"http:\/\/www.laitenberger-kirchenmusik.de\/neu\/?page_id=15"},"modified":"2021-05-28T20:34:37","modified_gmt":"2021-05-28T18:34:37","slug":"kurzbiographie","status":"publish","type":"page","link":"http:\/\/www.laitenberger-kirchenmusik.de\/neu\/kurzbiographie\/","title":{"rendered":"Kurzbiographie"},"content":{"rendered":"\n<figure class=\"wp-block-table formatted-table\"><table><tbody><tr><td class=\"has-text-align-center\" data-align=\"center\"><\/td><td class=\"has-text-align-center\" data-align=\"center\">1903<\/td><td class=\"has-text-align-center\" data-align=\"center\">* 11. November in Tuningen<br>Aufgewachsen&nbsp;<br>in Gro\u00dfgartach bei Heilbronn<\/td><\/tr><tr><td class=\"has-text-align-center\" data-align=\"center\"><img decoding=\"async\" src=\"http:\/\/www.laitenberger-kirchenmusik.de\/neu\/wp-content\/uploads\/2021\/01\/Bild-1-1916-3.jpg\" alt=\"\"><br>Als 13 j\u00e4hriger (links)<\/td><td class=\"has-text-align-center\" data-align=\"center\">1917<\/td><td class=\"has-text-align-center\" data-align=\"center\">Lehrerseminar Esslingen<br>Orgel-, Klavier-, Violinunterricht<br>Entscheidender Einfluss: August Halm<br>Erste musikalische Gestaltungsversuche<\/td><\/tr><tr><td class=\"has-text-align-center\" data-align=\"center\"><img decoding=\"async\" src=\"http:\/\/www.laitenberger-kirchenmusik.de\/neu\/wp-content\/uploads\/2021\/01\/Bild-3-1924.jpg\" alt=\"\"><br>1924<\/td><td class=\"has-text-align-center\" data-align=\"center\">1921-30<\/td><td class=\"has-text-align-center\" data-align=\"center\">Nach Abschluss der Lehrerausbildung<br>&nbsp;wegen Lehrereinstellungsstopp&nbsp;<br>zun\u00e4chst Hilfsbuchhalter,&nbsp;<br>Hilfswachtmeister,&nbsp;<br>dann unst\u00e4ndiger Schuldienst<br><br>Kontrapunktstudium bei dem&nbsp;<br>Regersch\u00fcler Hugo Holle in Stuttgart<\/td><\/tr><tr><td class=\"has-text-align-center\" data-align=\"center\"><img loading=\"lazy\" decoding=\"async\" width=\"150\" height=\"221\" class=\"wp-image-21\" style=\"width: 150px;\" src=\"http:\/\/www.laitenberger-kirchenmusik.de\/neu\/wp-content\/uploads\/2021\/01\/Bild-4a-1930.jpg\" alt=\"\" srcset=\"http:\/\/www.laitenberger-kirchenmusik.de\/neu\/wp-content\/uploads\/2021\/01\/Bild-4a-1930.jpg 217w, http:\/\/www.laitenberger-kirchenmusik.de\/neu\/wp-content\/uploads\/2021\/01\/Bild-4a-1930-204x300.jpg 204w\" sizes=\"auto, (max-width: 150px) 100vw, 150px\" \/><br>An der Orgel der Esslinger Stadtkirche<\/td><td class=\"has-text-align-center\" data-align=\"center\">1930-34<\/td><td class=\"has-text-align-center\" data-align=\"center\">Studium der Kirchen- und Schulmusik&nbsp;<br>an der Musikhochschule Stuttgart<br><br><br>Orgel:&nbsp;<br>Hermann Keller, Arnold Strebel<br><br>Tonsatz und Komposition:&nbsp;<br>Herman Roth,&nbsp;<br>Ewald Str\u00e4sser, Felix Petyrek<br><br>Liturgik und Hymnologie:<br>Richard G\u00f6lz<br><br>Zugleich nebenamtlicher Kirchenmusiker&nbsp;<br>an der Stadtkirche Schorndorf&nbsp;<br>und Beurlaubung aus dem Schuldienst<\/td><\/tr><tr><td class=\"has-text-align-center\" data-align=\"center\"><\/td><td class=\"has-text-align-center\" data-align=\"center\">1935<\/td><td class=\"has-text-align-center\" data-align=\"center\">Heirat mit&nbsp;<br><em>Hiltrud geb. Schumann<\/em><\/td><\/tr><tr><td class=\"has-text-align-center\" data-align=\"center\"><img loading=\"lazy\" decoding=\"async\" width=\"150\" height=\"157\" class=\"wp-image-22\" style=\"width: 150px;\" src=\"http:\/\/www.laitenberger-kirchenmusik.de\/neu\/wp-content\/uploads\/2021\/01\/Bild-5-1939.jpg\" alt=\"\"><\/td><td class=\"has-text-align-center\" data-align=\"center\">1935-37<\/td><td class=\"has-text-align-center\" data-align=\"center\">Kantor und Organist&nbsp;<br>an der Christuskirche Reutlingen<br><br>Musiklehrer&nbsp;<br>am Isolde-Kurz-Gymnasium&nbsp;<br>in Reutlingen<\/td><\/tr><tr><td class=\"has-text-align-center\" data-align=\"center\"><img loading=\"lazy\" decoding=\"async\" width=\"150\" height=\"232\" class=\"wp-image-23\" style=\"width: 150px;\" src=\"http:\/\/www.laitenberger-kirchenmusik.de\/neu\/wp-content\/uploads\/2021\/01\/Bild-6-1955.jpg\" alt=\"\"><br>An der Calwer Orgel 1955<\/td><td class=\"has-text-align-center\" data-align=\"center\">1937-68<\/td><td class=\"has-text-align-center\" data-align=\"center\">Kantor und Organist&nbsp;<br>an der Stadtkirche Calw<br><br><br>Musiklehrer&nbsp;<br>am Hermann-Hesse Gymnasium<br><br><br>Vier Kinder<br>Kriegsdienst<\/td><\/tr><tr><td class=\"has-text-align-center\" data-align=\"center\"><img loading=\"lazy\" decoding=\"async\" width=\"150\" height=\"139\" class=\"wp-image-24\" style=\"width: 150px;\" src=\"http:\/\/www.laitenberger-kirchenmusik.de\/neu\/wp-content\/uploads\/2021\/01\/Bild-8-1967.jpg\" alt=\"\"><br>Verleihung der Zelterplakette&nbsp;<br>an den Calwer Kirchenchor 1967<\/td><td class=\"has-text-align-center\" data-align=\"center\"><\/td><td class=\"has-text-align-center\" data-align=\"center\"><img loading=\"lazy\" decoding=\"async\" width=\"150\" height=\"126\" class=\"wp-image-25\" style=\"width: 150px;\" src=\"http:\/\/www.laitenberger-kirchenmusik.de\/neu\/wp-content\/uploads\/2021\/01\/Bild-7-1966-2.jpg\" alt=\"\"><br>Calwer Schulorchester 1966<\/td><\/tr><tr><td class=\"has-text-align-center\" data-align=\"center\"><img loading=\"lazy\" decoding=\"async\" width=\"150\" height=\"170\" class=\"wp-image-26\" style=\"width: 150px;\" src=\"http:\/\/www.laitenberger-kirchenmusik.de\/neu\/wp-content\/uploads\/2021\/01\/Thl-003-phs.jpg\" alt=\"\" srcset=\"http:\/\/www.laitenberger-kirchenmusik.de\/neu\/wp-content\/uploads\/2021\/01\/Thl-003-phs.jpg 280w, http:\/\/www.laitenberger-kirchenmusik.de\/neu\/wp-content\/uploads\/2021\/01\/Thl-003-phs-265x300.jpg 265w\" sizes=\"auto, (max-width: 150px) 100vw, 150px\" \/><\/td><td class=\"has-text-align-center\" data-align=\"center\">1968-96<\/td><td class=\"has-text-align-center\" data-align=\"center\">Ruhestand in Pl\u00fcderhausen&nbsp;<br>(Remstal)<\/td><\/tr><tr><td class=\"has-text-align-center\" data-align=\"center\"><img loading=\"lazy\" decoding=\"async\" width=\"150\" height=\"157\" class=\"wp-image-27\" style=\"width: 150px;\" src=\"http:\/\/www.laitenberger-kirchenmusik.de\/neu\/wp-content\/uploads\/2021\/01\/ThL002-1990-phs.jpg\" alt=\"\" srcset=\"http:\/\/www.laitenberger-kirchenmusik.de\/neu\/wp-content\/uploads\/2021\/01\/ThL002-1990-phs.jpg 300w, http:\/\/www.laitenberger-kirchenmusik.de\/neu\/wp-content\/uploads\/2021\/01\/ThL002-1990-phs-287x300.jpg 287w\" sizes=\"auto, (max-width: 150px) 100vw, 150px\" \/><br>Kreative Jahre (Foto 1990)<\/td><td class=\"has-text-align-center\" data-align=\"center\"><\/td><td class=\"has-text-align-center\" data-align=\"center\"><img loading=\"lazy\" decoding=\"async\" width=\"150\" height=\"224\" class=\"wp-image-28\" style=\"width: 150px;\" src=\"http:\/\/www.laitenberger-kirchenmusik.de\/neu\/wp-content\/uploads\/2021\/01\/ThL-004-phs.jpg\" alt=\"\" srcset=\"http:\/\/www.laitenberger-kirchenmusik.de\/neu\/wp-content\/uploads\/2021\/01\/ThL-004-phs.jpg 280w, http:\/\/www.laitenberger-kirchenmusik.de\/neu\/wp-content\/uploads\/2021\/01\/ThL-004-phs-200x300.jpg 200w\" sizes=\"auto, (max-width: 150px) 100vw, 150px\" \/><br>In lebendigem Gespr\u00e4ch (Foto 1995)<\/td><\/tr><tr><td class=\"has-text-align-center\" data-align=\"center\"><\/td><td class=\"has-text-align-center\" data-align=\"center\">&nbsp;\u2020&nbsp;&nbsp;&nbsp;<br>13. M\u00e4rz 1996 in Schorndorf&nbsp;<\/td><td class=\"has-text-align-center\" data-align=\"center\"><\/td><\/tr><\/tbody><\/table><\/figure>\n","protected":false},"excerpt":{"rendered":"<p>1903 * 11. November in TuningenAufgewachsen&nbsp;in Gro\u00dfgartach bei Heilbronn Als 13 j\u00e4hriger (links) 1917 Lehrerseminar EsslingenOrgel-, Klavier-, ViolinunterrichtEntscheidender Einfluss: August HalmErste musikalische Gestaltungsversuche 1924 1921-30 Nach Abschluss der Lehrerausbildung&nbsp;wegen Lehrereinstellungsstopp&nbsp;zun\u00e4chst Hilfsbuchhalter,&nbsp;Hilfswachtmeister,&nbsp;dann unst\u00e4ndiger Schuldienst Kontrapunktstudium bei dem&nbsp;Regersch\u00fcler Hugo Holle in Stuttgart An der Orgel der Esslinger Stadtkirche 1930-34 Studium der Kirchen- und Schulmusik&nbsp;an der Musikhochschule Stuttgart [&hellip;]<\/p>\n","protected":false},"author":2,"featured_media":0,"parent":0,"menu_order":0,"comment_status":"closed","ping_status":"closed","template":"","meta":{"footnotes":""},"class_list":["post-15","page","type-page","status-publish","hentry"],"_links":{"self":[{"href":"http:\/\/www.laitenberger-kirchenmusik.de\/neu\/wp-json\/wp\/v2\/pages\/15","targetHints":{"allow":["GET"]}}],"collection":[{"href":"http:\/\/www.laitenberger-kirchenmusik.de\/neu\/wp-json\/wp\/v2\/pages"}],"about":[{"href":"http:\/\/www.laitenberger-kirchenmusik.de\/neu\/wp-json\/wp\/v2\/types\/page"}],"author":[{"embeddable":true,"href":"http:\/\/www.laitenberger-kirchenmusik.de\/neu\/wp-json\/wp\/v2\/users\/2"}],"replies":[{"embeddable":true,"href":"http:\/\/www.laitenberger-kirchenmusik.de\/neu\/wp-json\/wp\/v2\/comments?post=15"}],"version-history":[{"count":4,"href":"http:\/\/www.laitenberger-kirchenmusik.de\/neu\/wp-json\/wp\/v2\/pages\/15\/revisions"}],"predecessor-version":[{"id":221,"href":"http:\/\/www.laitenberger-kirchenmusik.de\/neu\/wp-json\/wp\/v2\/pages\/15\/revisions\/221"}],"wp:attachment":[{"href":"http:\/\/www.laitenberger-kirchenmusik.de\/neu\/wp-json\/wp\/v2\/media?parent=15"}],"curies":[{"name":"wp","href":"https:\/\/api.w.org\/{rel}","templated":true}]}}