{"id":180,"date":"2021-01-05T19:49:15","date_gmt":"2021-01-05T18:49:15","guid":{"rendered":"http:\/\/www.laitenberger-kirchenmusik.de\/neu\/?page_id=180"},"modified":"2021-09-29T14:44:32","modified_gmt":"2021-09-29T12:44:32","slug":"sechs-hoelderlingesaenge","status":"publish","type":"page","link":"http:\/\/www.laitenberger-kirchenmusik.de\/neu\/sechs-hoelderlingesaenge\/","title":{"rendered":"Sechs H\u00f6lderlinges\u00e4nge"},"content":{"rendered":"\n<p>Beginn von <strong><em>&#8222;R\u00fcckkehr in die Heimat&#8220;<\/em><\/strong> (H\u00f6lderlin)<br><strong><em>&#8222;Wie lang ist&#8217;s, o wie lange, des Kindes Ruh ist hin<br>und hin ist Jugend und Lieb und Gl\u00fcck &#8230; &#8222;<\/em><\/strong><br>(Thomas Pfeiffer, Bariton \u00b7 Wolfgang K\u00fcbler, Klavier)<br>Spieldauer ~ 39 sec<\/p>\n\n\n\n<figure class=\"wp-block-audio\"><audio controls src=\"http:\/\/www.laitenberger-kirchenmusik.de\/neu\/wp-content\/uploads\/2021\/01\/sechs-hoelderlin.mp3\"><\/audio><\/figure>\n\n\n\n<p><em>[<strong>Sechs H\u00f6lderlinges\u00e4nge<\/strong><br>f\u00fcr mittlere Stimme und Klavier<br>Nr. 82 (Einzelstimme und Klavier)<br>Werkverzeichnis Nr. 112 (Tontr\u00e4ger)]<br><a href=\"https:\/\/www.amazon.de\/Theophil-Laitenberger-Klavierwerke-Pfeiffer-Wolfgang\/dp\/B00XL9J9VS\" data-type=\"URL\" data-id=\"https:\/\/www.amazon.de\/Theophil-Laitenberger-Klavierwerke-Pfeiffer-Wolfgang\/dp\/B00XL9J9VS\">www.amazon.de<\/a><\/em><\/p>\n\n\n\n<p><\/p>\n","protected":false},"excerpt":{"rendered":"<p>Beginn von &#8222;R\u00fcckkehr in die Heimat&#8220; (H\u00f6lderlin)&#8222;Wie lang ist&#8217;s, o wie lange, des Kindes Ruh ist hinund hin ist Jugend und Lieb und Gl\u00fcck &#8230; &#8222;(Thomas Pfeiffer, Bariton \u00b7 Wolfgang K\u00fcbler, Klavier)Spieldauer ~ 39 sec [Sechs H\u00f6lderlinges\u00e4ngef\u00fcr mittlere Stimme und KlavierNr. 82 (Einzelstimme und Klavier)Werkverzeichnis Nr. 112 (Tontr\u00e4ger)]www.amazon.de<\/p>\n","protected":false},"author":1,"featured_media":0,"parent":0,"menu_order":0,"comment_status":"closed","ping_status":"closed","template":"","meta":{"footnotes":""},"class_list":["post-180","page","type-page","status-publish","hentry"],"_links":{"self":[{"href":"http:\/\/www.laitenberger-kirchenmusik.de\/neu\/wp-json\/wp\/v2\/pages\/180","targetHints":{"allow":["GET"]}}],"collection":[{"href":"http:\/\/www.laitenberger-kirchenmusik.de\/neu\/wp-json\/wp\/v2\/pages"}],"about":[{"href":"http:\/\/www.laitenberger-kirchenmusik.de\/neu\/wp-json\/wp\/v2\/types\/page"}],"author":[{"embeddable":true,"href":"http:\/\/www.laitenberger-kirchenmusik.de\/neu\/wp-json\/wp\/v2\/users\/1"}],"replies":[{"embeddable":true,"href":"http:\/\/www.laitenberger-kirchenmusik.de\/neu\/wp-json\/wp\/v2\/comments?post=180"}],"version-history":[{"count":8,"href":"http:\/\/www.laitenberger-kirchenmusik.de\/neu\/wp-json\/wp\/v2\/pages\/180\/revisions"}],"predecessor-version":[{"id":368,"href":"http:\/\/www.laitenberger-kirchenmusik.de\/neu\/wp-json\/wp\/v2\/pages\/180\/revisions\/368"}],"wp:attachment":[{"href":"http:\/\/www.laitenberger-kirchenmusik.de\/neu\/wp-json\/wp\/v2\/media?parent=180"}],"curies":[{"name":"wp","href":"https:\/\/api.w.org\/{rel}","templated":true}]}}