{"id":42,"date":"2021-01-03T15:09:10","date_gmt":"2021-01-03T14:09:10","guid":{"rendered":"http:\/\/www.laitenberger-kirchenmusik.de\/neu\/?page_id=42"},"modified":"2021-01-03T15:09:10","modified_gmt":"2021-01-03T14:09:10","slug":"die-geistliche-vokalmusik","status":"publish","type":"page","link":"http:\/\/www.laitenberger-kirchenmusik.de\/neu\/die-geistliche-vokalmusik\/","title":{"rendered":"Die Geistliche Vokalmusik"},"content":{"rendered":"\n<h2 class=\"wp-block-heading\"><strong>Geistliche Musik komponieren &#8230;<\/strong><\/h2>\n\n\n\n<p>Th. Laitenberger schrieb als 92j\u00e4hriger \u00fcber die Aufgabe, am Ende des 20. Jahrhunderts geistliche Texte zu vertonen &#8211; und damit auch \u00fcber die Musik, die er im Lauf seines Lebens komponiert hat:<\/p>\n\n\n\n<p><em>&nbsp;Angesichts des riesenhaften Angebots sowohl alter als neuer Musik f\u00fcr die verschiedensten musikalischen Bed\u00fcrfnisse muss sich der Komponist mehr denn je die Frage stellen, wozu sein Schaffen dienen soll. Die Weisung Bachs &#8222;Zu Gottes Ehre und Recreation des Gem\u00fcts&#8220; braucht eine Anwendung auf das Heute, wenn nicht auf das Morgen. Zu entscheiden, welche Konsequenzen aus solcher Haltung zu ziehen sind, ist nicht einfach.<\/em><\/p>\n\n\n\n<p><em>Zun\u00e4chst ist zu sagen, dass die Vertonung von Texten, die schon unz\u00e4hlige Male vorgenommen worden ist, keine dringende Notwendigkeit ist. Solche Neugestaltungen sind angebracht, wenn eine neue Sicht des geistlichen Anliegens der Texte sich aufdr\u00e4ngt oder die Aussicht besteht, sie in der Musiksprache unserer Zeit eindringlicher zur Geltung zu bringen. Das wird selten der Fall sein.<\/em><\/p>\n\n\n\n<p><em>Wichtiger scheint es mir, Themen zu behandeln, die aus der Perspektive der Bibel zu Fragen der Zeit unmittelbar Stellung nehmen. Damit ist aber auch ein Stil gefordert, der sich nicht in blo\u00dfer Destruktion gef\u00e4llt (wie z.B. John Cage) oder experimentellen Zuschnitt hat, sondern der sich bem\u00fcht, m\u00f6glichst viele aufgeschlossene H\u00f6rer zu erreichen, um sie mit den Mitteln der Musik f\u00fcr das zu erw\u00e4rmen und zu begeistern, was immer, was von alters her Grundlage menschlicher, aber dem Ewigen zugewandter Existenz gewesen ist. Dieser Stil darf sich Neuartigem nicht einfach verschlie\u00dfen, wird aber, um sich verst\u00e4ndlich zu halten, angesichts einer un\u00fcbersichtlichen Vielfalt schwer zu erfassender musikalischer Individualsprachen der Gegenwart wohl mehr auf das traditionell Verankerte setzen oder zumindest dort ankn\u00fcpfen m\u00fcssen. Das kann in durchaus fesselnder Weise geschehen &#8230;<\/em><\/p>\n\n\n\n<p class=\"has-text-align-right\">Aus &#8222;Wozu neue Kantaten?&#8220;<\/p>\n\n\n\n<p class=\"has-text-align-right\">In: W\u00fcrttembergische Bl\u00e4tter f\u00fcr Kirchenmusik 2\/1995<\/p>\n\n\n\n<p class=\"has-text-align-right\">Nachgedruckt in: &#8222;Und nicht in Klagen enden &#8230;&#8220;. 2003<\/p>\n","protected":false},"excerpt":{"rendered":"<p>Geistliche Musik komponieren &#8230; Th. Laitenberger schrieb als 92j\u00e4hriger \u00fcber die Aufgabe, am Ende des 20. Jahrhunderts geistliche Texte zu vertonen &#8211; und damit auch \u00fcber die Musik, die er im Lauf seines Lebens komponiert hat: &nbsp;Angesichts des riesenhaften Angebots sowohl alter als neuer Musik f\u00fcr die verschiedensten musikalischen Bed\u00fcrfnisse muss sich der Komponist mehr [&hellip;]<\/p>\n","protected":false},"author":2,"featured_media":0,"parent":0,"menu_order":0,"comment_status":"closed","ping_status":"closed","template":"","meta":{"footnotes":""},"class_list":["post-42","page","type-page","status-publish","hentry"],"_links":{"self":[{"href":"http:\/\/www.laitenberger-kirchenmusik.de\/neu\/wp-json\/wp\/v2\/pages\/42","targetHints":{"allow":["GET"]}}],"collection":[{"href":"http:\/\/www.laitenberger-kirchenmusik.de\/neu\/wp-json\/wp\/v2\/pages"}],"about":[{"href":"http:\/\/www.laitenberger-kirchenmusik.de\/neu\/wp-json\/wp\/v2\/types\/page"}],"author":[{"embeddable":true,"href":"http:\/\/www.laitenberger-kirchenmusik.de\/neu\/wp-json\/wp\/v2\/users\/2"}],"replies":[{"embeddable":true,"href":"http:\/\/www.laitenberger-kirchenmusik.de\/neu\/wp-json\/wp\/v2\/comments?post=42"}],"version-history":[{"count":1,"href":"http:\/\/www.laitenberger-kirchenmusik.de\/neu\/wp-json\/wp\/v2\/pages\/42\/revisions"}],"predecessor-version":[{"id":45,"href":"http:\/\/www.laitenberger-kirchenmusik.de\/neu\/wp-json\/wp\/v2\/pages\/42\/revisions\/45"}],"wp:attachment":[{"href":"http:\/\/www.laitenberger-kirchenmusik.de\/neu\/wp-json\/wp\/v2\/media?parent=42"}],"curies":[{"name":"wp","href":"https:\/\/api.w.org\/{rel}","templated":true}]}}