{"id":49,"date":"2021-01-03T15:16:57","date_gmt":"2021-01-03T14:16:57","guid":{"rendered":"http:\/\/www.laitenberger-kirchenmusik.de\/neu\/?page_id=49"},"modified":"2021-07-28T14:43:17","modified_gmt":"2021-07-28T12:43:17","slug":"groessere-werke-fuer-soli-chor-und-orchester","status":"publish","type":"page","link":"http:\/\/www.laitenberger-kirchenmusik.de\/neu\/groessere-werke-fuer-soli-chor-und-orchester\/","title":{"rendered":"Gr\u00f6\u00dfere Werke f\u00fcr Soli, Chor und Orchester"},"content":{"rendered":"\n<figure class=\"wp-block-table is-style-stripes\"><table><tbody><tr><td>1.<\/td><td>\u00a0Zeit des Jeremia (1972)<br>Oratoriumf\u00fcr Bariton, gro\u00dfen und kleinen Chor (mit Einzelstimmen),<br>2 Fl\u00f6ten, Klarinette, Fagott, Trompete, Pauke, Streicher, Orgel<br><em>[Urauff\u00fchrung 1983 in Calw, KMD Bernhard Reich mit Klaus Hirte als Jeremia]<\/em><\/td><td>55 Min.&nbsp;<\/td><\/tr><tr><td>2.<\/td><td>Es ist eine Stimme eines Predigers in der W\u00fcste (1976)<br>Evangelienbericht&nbsp;f\u00fcr Tenor, Bariton, Bass, Chor, Holzbl\u00e4ser, Tuba, Schlagwerk,&nbsp;<br>Streicher mit eingestreuten Chorals\u00e4tzen<\/td><td>55 Min.<\/td><\/tr><tr><td>3.<\/td><td>(ohne Chorals\u00e4tze)<br><em>[Urauff\u00fchrung 1982 in der Stuttgarter Stiftskirche, KMD Ernst Leuze]<\/em><\/td><td>45 Min.<\/td><\/tr><tr><td>4.<\/td><td>Psalm 104 (1981)<br>f\u00fcr Sopran, Tenor, Bass, Chor, Holzbl\u00e4ser, 3 Trompeten, Schlagwerk, Streicher<br><em>[Urauff\u00fchrung 1982 in Kirchheim\/Teck, KMD Ernst Leuze]<\/em><\/td><td>25 Min.<\/td><\/tr><tr><td>5.<\/td><td>Kantate\u00a0von der Nichtigkeit des Menschen\u00a0<br>und von G\u00fcte und Allmacht Gottes (1991)<br>f\u00fcr Bariton, Chor, Holzbl\u00e4ser, Trompete, Pauke, Streicher<br><em>[Urauff\u00fchrung 1993 in Calw, Johannes Sorg]<\/em><\/td><td>30 Min.<\/td><\/tr><\/tbody><\/table><\/figure>\n\n\n\n<p><\/p>\n","protected":false},"excerpt":{"rendered":"<p>1. \u00a0Zeit des Jeremia (1972)Oratoriumf\u00fcr Bariton, gro\u00dfen und kleinen Chor (mit Einzelstimmen),2 Fl\u00f6ten, Klarinette, Fagott, Trompete, Pauke, Streicher, Orgel[Urauff\u00fchrung 1983 in Calw, KMD Bernhard Reich mit Klaus Hirte als Jeremia] 55 Min.&nbsp; 2. Es ist eine Stimme eines Predigers in der W\u00fcste (1976)Evangelienbericht&nbsp;f\u00fcr Tenor, Bariton, Bass, Chor, Holzbl\u00e4ser, Tuba, Schlagwerk,&nbsp;Streicher mit eingestreuten Chorals\u00e4tzen 55 Min. [&hellip;]<\/p>\n","protected":false},"author":2,"featured_media":0,"parent":0,"menu_order":0,"comment_status":"closed","ping_status":"closed","template":"","meta":{"footnotes":""},"class_list":["post-49","page","type-page","status-publish","hentry"],"_links":{"self":[{"href":"http:\/\/www.laitenberger-kirchenmusik.de\/neu\/wp-json\/wp\/v2\/pages\/49","targetHints":{"allow":["GET"]}}],"collection":[{"href":"http:\/\/www.laitenberger-kirchenmusik.de\/neu\/wp-json\/wp\/v2\/pages"}],"about":[{"href":"http:\/\/www.laitenberger-kirchenmusik.de\/neu\/wp-json\/wp\/v2\/types\/page"}],"author":[{"embeddable":true,"href":"http:\/\/www.laitenberger-kirchenmusik.de\/neu\/wp-json\/wp\/v2\/users\/2"}],"replies":[{"embeddable":true,"href":"http:\/\/www.laitenberger-kirchenmusik.de\/neu\/wp-json\/wp\/v2\/comments?post=49"}],"version-history":[{"count":4,"href":"http:\/\/www.laitenberger-kirchenmusik.de\/neu\/wp-json\/wp\/v2\/pages\/49\/revisions"}],"predecessor-version":[{"id":338,"href":"http:\/\/www.laitenberger-kirchenmusik.de\/neu\/wp-json\/wp\/v2\/pages\/49\/revisions\/338"}],"wp:attachment":[{"href":"http:\/\/www.laitenberger-kirchenmusik.de\/neu\/wp-json\/wp\/v2\/media?parent=49"}],"curies":[{"name":"wp","href":"https:\/\/api.w.org\/{rel}","templated":true}]}}