{"id":5,"date":"2021-01-03T14:03:17","date_gmt":"2021-01-03T13:03:17","guid":{"rendered":"http:\/\/www.laitenberger-kirchenmusik.de\/neu\/?page_id=5"},"modified":"2023-11-17T14:47:22","modified_gmt":"2023-11-17T13:47:22","slug":"neuerscheinungen-fruehjahr-2020","status":"publish","type":"page","link":"http:\/\/www.laitenberger-kirchenmusik.de\/neu\/","title":{"rendered":"120. Geburtstag von Theophil Laitenberger"},"content":{"rendered":"\n<h3 class=\"wp-block-heading\"><strong><em>11. November 1903 \u2013 11.November 2003<\/em><\/strong><\/h3>\n\n\n\n<p><strong>Zum 120. Geburtstag Theophil Laitenbergers gab es in Calw drei berichtenswerte \u201eEvents\u201c:<\/strong><\/p>\n\n\n\n<p>1) Am Sonntag, dem 12. November fand ein musikalischer Gottesdienst in der Calwer Wimberg-Kirche zum Gedenken an den Calwer Komponisten, Musiklehrer am Hermann Hesse-Gymnasium und Kantor an der Stadtkirche St. Peter und Paul statt. Pfarrer B\u00fchler w\u00fcrdigte Laitenberger ausf\u00fchrlich. Musikalisch gestaltete der Frauenchor Lorelei unter der Leitung von Martina Frey (vormals Theurer), im Ruhestand befindliche ehemalige Musiklehrerin und Schulleiterin am Hermann Hesse-Gymnasium, den Gottesdienst mit Musik von Theophil Laitenberger, Pablo Casals, Sally K. Albrecht und Felix Mendelssohn-Bartholdy. Von Laitenberger erklang die polyphone (von Martina Frey f\u00fcr Frauenchor eingerichtete) Choralbearbeitung \u201eDer Tag bricht an und zeiget sich\u201c. Der \u201eSchwarzw\u00e4lder Bote\u201c berichtete in seiner Ausgabe vom 14. November ausf\u00fchrlich \u00fcber den Gedenkgottesdienst.<\/p>\n\n\n\n<p>2) Im Amtsblatt der Stadt Calw \u201eCalw Journal\u201c (Ausgabe 43 vom 10.11.2023, S.6) widmete der Leiter des Stadtarchivs seine Kolumne \u201eArchivale des Monats\u201c dem Laitenberger-Gedenken anl\u00e4sslich von dessen 120. Geburtsttag, u.a. mit dem Abdruck der \u201eFuge im Bach-Stil\u201c, die der Komponist seiner geplanten Choralvorspiele-Auswahl als Einleitung vorangestellt hatte.<\/p>\n\n\n\n<p>3) Das Modehaus Schaber in Hermann Hesses Geburtshaus am Calwer Marktplatz gegen\u00fcber dem Rathaus erinnerte, in Zusammenarbeit mit dem Musikverlag <em>schmidmusic<\/em>, im Schaufenster an den 120. Geburtstag von Theophil Laitenberger.<\/p>\n\n\n\n<div style=\"height:104px\" aria-hidden=\"true\" class=\"wp-block-spacer\"><\/div>\n\n\n\n<h1 class=\"wp-block-heading\">Neuerscheinung zu Weihnachten 2021: Choralvorspiele<\/h1>\n\n\n<div class=\"wp-block-image\">\n<figure class=\"aligncenter size-large is-resized\"><img loading=\"lazy\" decoding=\"async\" width=\"1024\" height=\"731\" src=\"https:\/\/www.laitenberger-kirchenmusik.de\/neu\/wp-content\/uploads\/2021\/12\/Screenshot-2021-12-01-at-13.13.19-1024x731.png\" alt=\"\" class=\"wp-image-381\" style=\"width:599px;height:427px\" srcset=\"http:\/\/www.laitenberger-kirchenmusik.de\/neu\/wp-content\/uploads\/2021\/12\/Screenshot-2021-12-01-at-13.13.19-1024x731.png 1024w, http:\/\/www.laitenberger-kirchenmusik.de\/neu\/wp-content\/uploads\/2021\/12\/Screenshot-2021-12-01-at-13.13.19-300x214.png 300w, http:\/\/www.laitenberger-kirchenmusik.de\/neu\/wp-content\/uploads\/2021\/12\/Screenshot-2021-12-01-at-13.13.19-768x548.png 768w, http:\/\/www.laitenberger-kirchenmusik.de\/neu\/wp-content\/uploads\/2021\/12\/Screenshot-2021-12-01-at-13.13.19.png 1286w\" sizes=\"auto, (max-width: 1024px) 100vw, 1024px\" \/><figcaption class=\"wp-element-caption\">Neu \u2022 Choralvorspiele<br>Artikel-Nr.: 7 2149<br><a href=\"https:\/\/schmidmusic.de\/epages\/474feeed-1a81-4b65-85e7-0307b974aa43.sf\/de_DE\/?ObjectPath=\/Shops\/474feeed-1a81-4b65-85e7-0307b974aa43\/Products\/%227%202149%22\" data-type=\"URL\" data-id=\"https:\/\/schmidmusic.de\/epages\/474feeed-1a81-4b65-85e7-0307b974aa43.sf\/de_DE\/?ObjectPath=\/Shops\/474feeed-1a81-4b65-85e7-0307b974aa43\/Products\/%227%202149%22\" target=\"_blank\" rel=\"noreferrer noopener\">schmidmusic<\/a><\/figcaption><\/figure>\n<\/div>\n\n\n<p>Theophil Laitenberger hat mehrmals geplant, eine Auswahl seiner Choralvorspiele zu ver\u00f6ffentlichen. Dazu ist es zu seinen Lebzeiten nicht gekommen. Immerhin hat Karl Gerok 1969 in sein Standardwerk \u201e<em>Schw\u00e4bische Orgelromantik. 75 Choralvorspiele zum gottesdienstlichen Gebrauch<\/em>\u201c drei Laitenberger-Vorspiele aufgenommen (obwohl der Komponist selbst sich nicht der Orgelromantik zurechnete). Im Vorspruch zu einer seiner geplanten Ausgaben, die zehn St\u00fccke enthalten sollte, schrieb Laitenberger: <em>\u201eDie hier aus einer gr\u00f6\u00dferen Reihe zusammengestellten Choralvorspiele sind zu den verschiedensten Zeiten und f\u00fcr verschiedene Gelegenheiten entstanden. Sie sind nicht \u201aNeue Musik\u2018 im Sinne von Stilentwicklungen, wie sie in unserem <\/em>[dem 20.]<em> Jahrhundert vor sich gegangen sind. Obwohl sie im Ganzen, ohne einseitige Festlegung, an \u00fcberlieferter musikalischer Sprache und Form orientiert sind, weisen sie in ihrer textbezogenen kompositorischen Gestaltung aber doch eine eigene Handschrift auf und sind von daher auch f\u00fcr die Gegenwart gerechtfertigt.\u201c&nbsp;<\/em><\/p>\n\n\n\n<p>Das gilt auch f\u00fcr die jetzt von Erhard Frie\u00df bearbeitete Ausgabe mit 21 Choralvorspielen und einer an den Schluss gestellten \u201eFuge im Bachstil\u201c nach der Kantate BWV 106 \u201eGottes Zeit ist die allerbeste Zeit\u201c. Die Ausgabe lehnt sich, mit Abweichungen, an eine der Laitenberger-Planungen mit 25 Choralvorspielen aus dem Werkverzeichnis LWV 49 an, denen die \u201eFuge im Bachstil\u201c, gewisserma\u00dfen als \u00dcberschrift, vorangestellt war.&nbsp;<\/p>\n\n\n<div class=\"wp-block-image\">\n<figure class=\"aligncenter size-large is-resized\"><img loading=\"lazy\" decoding=\"async\" width=\"1024\" height=\"811\" src=\"https:\/\/www.laitenberger-kirchenmusik.de\/neu\/wp-content\/uploads\/2021\/12\/Screenshot-2021-12-01-at-13.13.29-1024x811.png\" alt=\"\" class=\"wp-image-383\" style=\"width:495px;height:392px\" srcset=\"http:\/\/www.laitenberger-kirchenmusik.de\/neu\/wp-content\/uploads\/2021\/12\/Screenshot-2021-12-01-at-13.13.29-1024x811.png 1024w, http:\/\/www.laitenberger-kirchenmusik.de\/neu\/wp-content\/uploads\/2021\/12\/Screenshot-2021-12-01-at-13.13.29-300x238.png 300w, http:\/\/www.laitenberger-kirchenmusik.de\/neu\/wp-content\/uploads\/2021\/12\/Screenshot-2021-12-01-at-13.13.29-768x608.png 768w, http:\/\/www.laitenberger-kirchenmusik.de\/neu\/wp-content\/uploads\/2021\/12\/Screenshot-2021-12-01-at-13.13.29.png 1290w\" sizes=\"auto, (max-width: 1024px) 100vw, 1024px\" \/><\/figure>\n<\/div>\n\n\n<p>Im Nachlass findet sich diese handschriftliche Notiz des Komponisten zu den Choralvorspielen, in der er eine \u201eAuswahl f\u00fcr Kirchenmusiken\u201c trifft, d.h. die er \u00fcber den gottesdienstlichen Gebrauch hinaus f\u00fcr besonders geeignet hielt, auch in Orgelkonzerten aufgef\u00fchrt zu werden.&nbsp;<\/p>\n\n\n\n<p><\/p>\n\n\n\n<div style=\"height:119px\" aria-hidden=\"true\" class=\"wp-block-spacer\"><\/div>\n\n\n\n<p><\/p>\n\n\n\n<h2 class=\"wp-block-heading\">Neuerscheinungen Fr\u00fchjahr 2020<\/h2>\n\n\n\n<p><\/p>\n\n\n\n<p>Passend zur Coronakrise ist die sechsstimmige Laitenberger-Motette zu dem Bibelspruch &#8222;<strong>In der Welt habt ihr Angst<\/strong>; aber seid getrost, ich habe die Welt \u00fcberwunden&#8220; (Johannes 16, Vers 33) im Druck erschienen. Uraufgef\u00fchrt wurde sie 1992 von der capella vallensis Wiesensteig unter Peter Skobowsky, weitere sehr erfolgreiche Wiederauff\u00fchrungen gab es in den 1990er Jahren durch den R\u00f6ttgener Kammerchor in Bonn unter Melchior von Borries.<\/p>\n\n\n\n<p>Der Verlag hat jetzt au\u00dferdem die gro\u00dfe, fast halbst\u00fcndige Kantate &#8222;<strong>Psalm 104<\/strong>&#8220; f\u00fcr Sopran, Tenor, Bass, Chor, Holzbl\u00e4ser, 3 Trompeten, Schlagwerk und Streicher von 1981 herausgebracht. Ihre mit Begeisterung aufgenommene Urauff\u00fchrung hatte sie 1982 in Kirchheim\/Teck unter KMD Ernst Leuze. In den W\u00fcrttembergischen Bl\u00e4ttern f\u00fcr Kirchenmusik berichtete Leuze den Berufskollegen \u00fcber den &#8222;einhelligen Jubel&#8220;, der nach der Auff\u00fchrung geherrscht habe, und empfahl das St\u00fcck, das &#8222;in einem Programm mit Samuel Scheidt, Mendelssohn-Bartholdi und J.S. Bach der eindeutige H\u00f6hepunkt&#8220; gewesen sei, mit Nachdruck allen Kirchenmusikern, &#8222;die es satt haben, immer wieder dieselben Zugst\u00fccke aufzuf\u00fchren. Hier ist eine Alternative. Von welcher zeitgen\u00f6ssischen Musik kann man schon sagen, dass sie Ausf\u00fchrende und Zuh\u00fcrer gleicherma\u00dfen begeistert, dass sie einfach &#8211; aber nicht leicht, eing\u00e4ngig &#8211; aber nicht banal, illustrativ &#8211; aber nicht oberfl\u00e4chlich sei?&#8220; Zu Laitenbergers 100. Geburtstag stand die Kantate im Mittelpunkt des gro\u00dfen Calwer Festkonzerts, aufgef\u00fchrt von der Schorndorfer Kantorei unter KMDin Hannelore Hinderer (siehe Audio-Beispiele).<\/p>\n\n\n<div class=\"wp-block-image\">\n<figure class=\"aligncenter size-large is-resized\"><img loading=\"lazy\" decoding=\"async\" width=\"737\" height=\"1024\" src=\"http:\/\/www.laitenberger-kirchenmusik.de\/neu\/wp-content\/uploads\/2021\/01\/Motette-In-der-Welt-habt-ihr-Angst-schmidmusic.jpg\" alt=\"\" class=\"wp-image-8\" style=\"width:177px;height:246px\" srcset=\"http:\/\/www.laitenberger-kirchenmusik.de\/neu\/wp-content\/uploads\/2021\/01\/Motette-In-der-Welt-habt-ihr-Angst-schmidmusic.jpg 737w, http:\/\/www.laitenberger-kirchenmusik.de\/neu\/wp-content\/uploads\/2021\/01\/Motette-In-der-Welt-habt-ihr-Angst-schmidmusic-216x300.jpg 216w\" sizes=\"auto, (max-width: 737px) 100vw, 737px\" \/><figcaption class=\"wp-element-caption\"><strong>schmid<\/strong><em><strong>music<\/strong><\/em><strong>&nbsp;&gt;<\/strong><br><strong><a rel=\"noreferrer noopener\" href=\"https:\/\/schmidmusic.de\/epages\/474feeed-1a81-4b65-85e7-0307b974aa43.sf\/de_DE\/?ObjectID=33958338\" target=\"_blank\">In der Welt habt ihr Angst Artikel-Nr. 2 1912 &#8211; 3,99 EUR<\/a><br><a rel=\"noreferrer noopener\" href=\"https:\/\/schmidmusic.de\/epages\/474feeed-1a81-4b65-85e7-0307b974aa43.sf\/de_DE\/?ObjectPath=\/Shops\/474feeed-1a81-4b65-85e7-0307b974aa43\/Products\/%222%201912%20D%22\" target=\"_blank\">In der Welt habt ihr Angst Download Artikel-Nr. 2 1912 D &#8211; 2,10 EUR<\/a><\/strong><\/figcaption><\/figure>\n<\/div>\n\n<div class=\"wp-block-image\">\n<figure class=\"aligncenter size-large is-resized\"><img loading=\"lazy\" decoding=\"async\" width=\"729\" height=\"1023\" src=\"http:\/\/www.laitenberger-kirchenmusik.de\/neu\/wp-content\/uploads\/2021\/01\/Psalm-104-schmidmusic.jpg\" alt=\"\" class=\"wp-image-9\" style=\"width:181px;height:254px\" srcset=\"http:\/\/www.laitenberger-kirchenmusik.de\/neu\/wp-content\/uploads\/2021\/01\/Psalm-104-schmidmusic.jpg 729w, http:\/\/www.laitenberger-kirchenmusik.de\/neu\/wp-content\/uploads\/2021\/01\/Psalm-104-schmidmusic-214x300.jpg 214w\" sizes=\"auto, (max-width: 729px) 100vw, 729px\" \/><figcaption class=\"wp-element-caption\"><strong>schmid<\/strong><em><strong>music<\/strong><\/em><strong>&nbsp;&gt;<\/strong><br><strong><a rel=\"noreferrer noopener\" href=\"https:\/\/schmidmusic.de\/epages\/474feeed-1a81-4b65-85e7-0307b974aa43.sf\/de_DE\/?ObjectID=33953894\" target=\"_blank\">Psalm 104 Kantate Artikel-Nr. 2 1911 x &#8211; 36,00 EUR<\/a><\/strong><br><strong><a rel=\"noreferrer noopener\" href=\"https:\/\/schmidmusic.de\/epages\/474feeed-1a81-4b65-85e7-0307b974aa43.sf\/de_DE\/?ObjectPath=\/Shops\/474feeed-1a81-4b65-85e7-0307b974aa43\/Products\/%222%201911%20XD%22\" target=\"_blank\">Psalm 104 Kantate Download Artikel-Nr. 2 1911 XD &#8211; 18,00 EUR<\/a><\/strong><\/figcaption><\/figure>\n<\/div>\n\n\n<h2 class=\"wp-block-heading\">Zu H\u00f6lderlins 250. Geburtstag 2020: Theophil Laitenbergers &#8222;Sechs H\u00f6lderlinges\u00e4nge&#8220; im Druck erschienen<\/h2>\n\n\n\n<p>Der Musikverlag <strong><em>schmidmusic <\/em><\/strong>(https:\/\/schmidmusic.de), der das kompositorische Werk von Theophil Laitenberger verlegerisch betreut, bringt, rechtzeitig zum H\u00f6lderlin-Jahr 2020, unter dem Titel <strong><em>Theophil Laitenberger: Lieder zu Texten von Friedrich H\u00f6lderlin f\u00fcr eine Singstimme und Klavier<\/em><\/strong> die sechs H\u00f6lderlinges\u00e4nge des Komponisten heraus (<em>aus der Calwer Editionsreihe LWV 82a-f<\/em>).<\/p>\n\n\n<div class=\"wp-block-image\">\n<figure class=\"aligncenter size-large is-resized\"><img loading=\"lazy\" decoding=\"async\" width=\"500\" height=\"685\" src=\"http:\/\/www.laitenberger-kirchenmusik.de\/neu\/wp-content\/uploads\/2021\/01\/hoelderlin-druck.jpg\" alt=\"\" class=\"wp-image-10\" style=\"width:166px;height:227px\" srcset=\"http:\/\/www.laitenberger-kirchenmusik.de\/neu\/wp-content\/uploads\/2021\/01\/hoelderlin-druck.jpg 500w, http:\/\/www.laitenberger-kirchenmusik.de\/neu\/wp-content\/uploads\/2021\/01\/hoelderlin-druck-219x300.jpg 219w\" sizes=\"auto, (max-width: 500px) 100vw, 500px\" \/><figcaption class=\"wp-element-caption\">schmidmusic&nbsp;&gt;&nbsp;<a href=\"https:\/\/schmidmusic.de\/epages\/474feeed-1a81-4b65-85e7-0307b974aa43.sf\/de_DE\/?ObjectPath=\/Shops\/474feeed-1a81-4b65-85e7-0307b974aa43\/Products\/%222%201913%22\">H\u00f6lderlin Lieder Artikel-Nr. 2 1913, 14,00 EUR<\/a><\/figcaption><\/figure>\n<\/div>\n\n\n<p>Ludwig van Beethoven, Georg Wilhelm Friedrich Hegel, Friedrich H\u00f6lderlin \u2013 im Jahr 2020 sind gleich drei 250. Geburtstage von \u00fcberragenden Genies zu bedenken; zwei davon, Hegel und H\u00f6lderlin, waren (zusammen mit Schelling) Stubengenossen und enge Freunde w\u00e4hrend ihrer Ausbildungsjahre im T\u00fcbinger Stift. Im allgemeinen Bewusstsein ist Beethoven weltweit pr\u00e4sent, Hegel und H\u00f6lderlin sind philosphie- und literaturgeschichtlich von vergleichbar gro\u00dfer Bedeutung.<\/p>\n\n\n\n<p>Theophil Laitenberger war zeitlebens von H\u00f6lderlin besonders fasziniert. Seine \u201eSechs H\u00f6lderlinges\u00e4nge f\u00fcr mittlere Stimme und Klavier\u201c entstammen ganz unterschiedlichen Lebensepochen:&nbsp; zwei davon, \u201eDer Mensch\u201c und \u201eSonnenuntergang\u201c, aus dem Jahr 1924, drei, An Diotima\u201c, \u201eDie Eichb\u00e4ume\u201c und \u201eDer Frieden\u201c, aus dem Jahr 1934 und der letzte, \u201eR\u00fcckkehr in die Heimat\u201c, aus dem Jahr 1951. Die ersten beiden H\u00f6lderlin-Vertonungen des damals 20-j\u00e4hrigen Komponisten veranlassten den prominenten Berliner Musikkritiker Professor Dr. Hans Joachim Moser 1925 zu einer au\u00dferordentlich lobenden Besprechung und zum Abdruck als Notenbeilage der Kulturzeitschrift \u201eDer T\u00fcrmer\u201c. Laitenberger selbst hielt seine H\u00f6lderlin-Vertonungen insgesamt f\u00fcr so wichtig, dass er sie trotz der weit auseinander liegenden Entstehungszeiten in einer Werk-Nummer erfasste.&nbsp;<\/p>\n\n\n\n<p>Im Zusammenhang uraufgef\u00fchrt wurden die H\u00f6lderlinges\u00e4nge erst 1988 an der Musikhochschule Trossingen mit dem Bariton Thomas Pfeiffer und dem in Trossingen lehrenden Pianisten Wolfgang K\u00fcbler; die beiden Musiker spielten die H\u00f6lderlinges\u00e4nge dann 1990 auf eine bei BayerRecords erschienene (im Handel noch erh\u00e4ltliche) CD mit Liedern und Klaviermusik von Laitenberger ein. Der Pharmakologe und H\u00f6lderlinforscher Reinhard Horowski wies 2017 auf Laitenbergers H\u00f6lderlinges\u00e4nge hin: es seien \u201ewunderbare Lieder\u201c, \u201emusikalisch auf Augenh\u00f6he mit H\u00f6lderlins Lyrik\u201c.&nbsp;<\/p>\n\n\n\n<p>Dass die H\u00f6lderlinges\u00e4nge jetzt gedruckt vorliegen, sollte zu Auff\u00fchrungen anregen.<\/p>\n\n\n\n<p><\/p>\n\n\n\n<p><\/p>\n\n\n\n<p><\/p>\n\n\n\n<h2 class=\"wp-block-heading\"><strong>NEU<\/strong> (2018)<\/h2>\n\n\n\n<p>F\u00fcr das Stadtarchiv Calw ist der Nachlass des Komponisten Theophil Laitenberger kein verstaubendes Archivgut. Vielmehr wird das mit diesem Nachlass gewonnene musikalische Erbe als Auftrag verstanden, der Musikstadt Calw und der Musikwelt das Werk Laitenbergers lebendig zu erhalten und zu aktivieren.<br><br>Ein entscheidender Schritt ist gemacht worden, indem die Stadt in Zusammenarbeit mit dem Calwer Musikverlag &#8222;schmidmusic&#8220; (<a href=\"https:\/\/schmidmusic.de\/\" target=\"_blank\" rel=\"noreferrer noopener\">https:\/\/schmidmusic.de<\/a>) die Drucklegung der Werke Laitenbergers in einer eigenen Reihe, der &#8222;Calwer Editionsreihe&#8220;, f\u00f6rdert, die sich am Laitenberger-Werkverzeichnis (LWV) orientiert. Soeben ist die Partitur des Oratoriums &#8222;Zeit des Jeremia&#8220; (LWV 1), eines Hauptwerkes von Laitenberger, erschienen, das 1983 unter der Leitung von Bernhard Reich mit Klaus Hirte als Jeremia in Calw seine Urauff\u00fchrung hatte.<\/p>\n\n\n\n<p>Der Verlag hat dar\u00fcber hinaus bereits herausgebracht:<\/p>\n\n\n\n<ul class=\"wp-block-list\">\n<li>Sonate F-Dur f\u00fcr Horn und Orgel (LWV 64),<\/li>\n\n\n\n<li>Concertino f\u00fcr Trompete und Orgel (LWV 62),<\/li>\n\n\n\n<li>Orgelmusik in d \/Orgelsonate I (LWV53),<\/li>\n\n\n\n<li>Suite C-Dur f\u00fcr Oboe und Orgel (LWV 63),<\/li>\n\n\n\n<li>Suite in f f\u00fcr Blechbl\u00e4ser-Quartett (LWV 66),<\/li>\n\n\n\n<li>Orgelsonate II (LWV 54),<\/li>\n\n\n\n<li>Festmusik B-Dur f\u00fcr 2 Trompeten, 2 Posaunen und Tuba (LWV 67),<\/li>\n\n\n\n<li>Hesse-Klavierlieder (LWV 81a-e),<\/li>\n\n\n\n<li>Hesse-Chorlieder (LWV 68 d, LWV 76 b).<\/li>\n<\/ul>\n\n\n\n<p>LWV 76 b ist die stimmungsdichte Chorvertonung des Calw-Gedichts &#8222;Schwarzwald&#8220; des weltber\u00fchmten Literaturnobelpreistr\u00e4gers Hermann Hesse,<br>das 1947 zu seinem 70. Geburtstag komponiert und uraufgef\u00fchrt wurde.<\/p>\n\n\n\n<p><\/p>\n\n\n\n<p><\/p>\n\n\n\n<h2 class=\"wp-block-heading\"><strong>Neuerscheinung<\/strong> (2016)<\/h2>\n\n\n\n<h3 class=\"wp-block-heading\"><strong>Erhard Frie\u00df:<br>Thematisch-systematisches Verzeichnis<br>der Werke von Theophil Laitenberger<\/strong><\/h3>\n\n\n\n<p>(mit H\u00f6rproben-CD)<\/p>\n\n\n\n<p>Herausgegeben von der Gro\u00dfen Kreisstadt Calw mit Unterst\u00fctzung der J\u00f6rg und Ingeborg Seybold-Stiftung. Calw 2016 (ISBN 978-3-939148-38-8).<\/p>\n\n\n\n<p>Die Stadt Calw, Wirkungsort von Theophil Laitenberger von 1937 bis 1968, hat jetzt den Nachlass des Komponisten in ihr Archiv \u00fcbernommen. Mit der \u00dcbernahme verbindet sich ein erstes Projekt: Auf der Basis des vorhandenen, von Theophil Laitenberger selbst erstellten Werkverzeichnisses und der Originalmanuskripte f\u00fchrt Erhard Frie\u00df, fr\u00fcherer Landesposaunenwart der Evangelischen Landeskirche in W\u00fcrttemberg und Kirchenmusikdirektor, die Kompositionen den Interessierten und dem Fachpublikum anschaulich vor, indem er es unternimmt, jeweils die Anfangstakte \u201ein klarer Notenschrift darzustellen und dabei Besetzung, Dauer und Schwierigkeitsgrad der Werke deutlich zu machen\u201c.<\/p>\n\n\n\n<p><\/p>\n\n\n\n<p><\/p>\n\n\n\n<h2 class=\"wp-block-heading\"><strong>Jetzt neu &#8211; Noten &#8211; Download<\/strong> (2010)<\/h2>\n\n\n\n<p><a href=\"http:\/\/www.laitenberger-kirchenmusik.de\/_classic\/orgenoten-download-pdf.htm\">hier &#8230;<\/a><\/p>\n\n\n\n<p>Stand November 2013<\/p>\n\n\n\n<p><strong>&#8222;das Orchester&#8220; &lt;Oktober-Ausgabe 2010&gt;<\/strong><br><em><strong>&#8211; Zeitschrift der Deutschen Orchestervereinigung (DOV) &#8211;<\/strong><\/em><\/p>\n\n\n\n<p><strong>rezensiert die &#8218;Theophil Laitenberger-Orgel-CD&#8216;<\/strong><\/p>\n\n\n\n<p><a href=\"http:\/\/www.laitenberger-kirchenmusik.de\/_classic\/pdf\/20101002rez_dasorchester.pdf\" target=\"_blank\" rel=\"noreferrer noopener\">Lesen Sie mehr dar\u00fcber in der Zeitschrift &#8230;<\/a><strong><\/strong><\/p>\n\n\n\n<p><a href=\"http:\/\/www.laitenberger-kirchenmusik.de\/_classic\/pdf\/CD-Echo.pdf\">weitere Stimmen aus Zuschriften &#8230;<\/a><\/p>\n\n\n\n<p><strong>und&nbsp;<\/strong><a href=\"mailto:volkhard.laitenberger@gmx.de\">schreiben<\/a><strong>&nbsp;Sie uns&#8230;<\/strong><\/p>\n\n\n\n<h2 class=\"wp-block-heading\">&#8211; CD &#8211; Neuerscheinung &#8211; (2010)<\/h2>\n\n\n\n<figure class=\"wp-block-gallery has-nested-images columns-default is-cropped wp-block-gallery-1 is-layout-flex wp-block-gallery-is-layout-flex\">\n<figure class=\"wp-block-image size-large\"><img loading=\"lazy\" decoding=\"async\" width=\"550\" height=\"558\" data-id=\"11\" src=\"https:\/\/www.laitenberger-kirchenmusik.de\/neu\/wp-content\/uploads\/2021\/01\/cd-ogan-works.jpg\" alt=\"\" class=\"wp-image-11\" srcset=\"http:\/\/www.laitenberger-kirchenmusik.de\/neu\/wp-content\/uploads\/2021\/01\/cd-ogan-works.jpg 550w, http:\/\/www.laitenberger-kirchenmusik.de\/neu\/wp-content\/uploads\/2021\/01\/cd-ogan-works-296x300.jpg 296w\" sizes=\"auto, (max-width: 550px) 100vw, 550px\" \/><\/figure>\n\n\n\n<figure class=\"wp-block-image size-large\"><img loading=\"lazy\" decoding=\"async\" width=\"364\" height=\"500\" data-id=\"12\" src=\"https:\/\/www.laitenberger-kirchenmusik.de\/neu\/wp-content\/uploads\/2021\/01\/cd-ogan-works-himself.jpg\" alt=\"\" class=\"wp-image-12\" srcset=\"http:\/\/www.laitenberger-kirchenmusik.de\/neu\/wp-content\/uploads\/2021\/01\/cd-ogan-works-himself.jpg 364w, http:\/\/www.laitenberger-kirchenmusik.de\/neu\/wp-content\/uploads\/2021\/01\/cd-ogan-works-himself-218x300.jpg 218w\" sizes=\"auto, (max-width: 364px) 100vw, 364px\" \/><\/figure>\n<\/figure>\n\n\n\n<p>Die CD ist bei Dabringhaus&amp;Grimm\/MDG, einem der international angesehensten deutschen Classic-Labels erschienen.<br><br>Die Einspielung durch den Berliner Domorganisten Professor Dr. Andreas Sieling (an der Schuke-Orgel der Berliner Grunewald-kirche), den Bratschisten Wolfgang Talirz (Berliner Philharmoniker) und den Oboisten Luca Mariani (2007-2009 Stipendiat der Karajan-Akademie der Berliner Philharmoniker, derzeit Solo-Oboist in L\u00fcbeck) erf\u00fcllt h\u00f6chste Anspr\u00fcche.<\/p>\n\n\n\n<p>Die CD wird vielfach angeboten, unter anderen beispielsweise bei:<\/p>\n\n\n\n<p><a rel=\"noreferrer noopener\" href=\"http:\/\/www.jpc.de\/jpcng\/classic\/detail\/-\/art\/Theophil-Laitenberger-Orgelmusik\/hnum\/3279082\" target=\"_blank\">JPC <\/a>&#8211; Bestellm\u00f6glichkeit und H\u00f6rbeispiele &#8211;<br><a rel=\"noreferrer noopener\" href=\"http:\/\/www.mdg.de\/\" target=\"_blank\">Dabringhaus und Grimm<\/a>&nbsp;&#8211;&nbsp;<a rel=\"noreferrer noopener\" href=\"http:\/\/www.mdg.de\/titel\/1630.htm\" target=\"_blank\">im Katalog<\/a>&nbsp;&#8211;<br><a rel=\"noreferrer noopener\" href=\"http:\/\/www.amazon.de\/Orgelwerke-Andreas-Sieling\/dp\/B003OCE0WK\/ref=sr_1_3?ie=UTF8&amp;s=music&amp;qid=1278578706&amp;sr=8-3\" target=\"_blank\">Amazon.de<\/a>&nbsp;&#8211; Bestellm\u00f6glichkeit &#8211;<\/p>\n\n\n\n<p>Eingehende Information \u00fcber&nbsp;<em>Theophil Laitenberger<\/em>&nbsp;ist,<br>\u00fcber diese Seiten hinaus, zu finden in:<\/p>\n\n\n\n<p><strong>Und nicht in Klagen enden&#8230;<br><\/strong>Der Calwer Komponist&nbsp;Theophil Laitenberger 1903 &#8211; 1996<br>Leben und Werk in Selbstzeugnissen<br>Kleine Reihe herausgegeben<br>von der Gro\u00dfen Kreisstadt Calw Band 16.2003<br>Zusammengestellt von Volkhard und Georg Laitenberger<\/p>\n\n\n\n<p>Zu beziehen \u00fcber:<br>Stadtinformation Calw<br>Marktbr\u00fccke 1, 75365 Calw<br>Telefon 07051-96880, E-Mail&nbsp;<a href=\"mailto:stadtinfo@calw.de\">stadtinfo@calw.de<\/a><\/p>\n\n\n\n<p>oder \u00fcber den Buchhandel ISBN 3-9806875-7-0<\/p>\n","protected":false},"excerpt":{"rendered":"<p>11. November 1903 \u2013 11.November 2003 Zum 120. Geburtstag Theophil Laitenbergers gab es in Calw drei berichtenswerte \u201eEvents\u201c: 1) Am Sonntag, dem 12. November fand ein musikalischer Gottesdienst in der Calwer Wimberg-Kirche zum Gedenken an den Calwer Komponisten, Musiklehrer am Hermann Hesse-Gymnasium und Kantor an der Stadtkirche St. Peter und Paul statt. Pfarrer B\u00fchler w\u00fcrdigte [&hellip;]<\/p>\n","protected":false},"author":1,"featured_media":0,"parent":0,"menu_order":0,"comment_status":"closed","ping_status":"closed","template":"","meta":{"footnotes":""},"class_list":["post-5","page","type-page","status-publish","hentry"],"_links":{"self":[{"href":"http:\/\/www.laitenberger-kirchenmusik.de\/neu\/wp-json\/wp\/v2\/pages\/5","targetHints":{"allow":["GET"]}}],"collection":[{"href":"http:\/\/www.laitenberger-kirchenmusik.de\/neu\/wp-json\/wp\/v2\/pages"}],"about":[{"href":"http:\/\/www.laitenberger-kirchenmusik.de\/neu\/wp-json\/wp\/v2\/types\/page"}],"author":[{"embeddable":true,"href":"http:\/\/www.laitenberger-kirchenmusik.de\/neu\/wp-json\/wp\/v2\/users\/1"}],"replies":[{"embeddable":true,"href":"http:\/\/www.laitenberger-kirchenmusik.de\/neu\/wp-json\/wp\/v2\/comments?post=5"}],"version-history":[{"count":19,"href":"http:\/\/www.laitenberger-kirchenmusik.de\/neu\/wp-json\/wp\/v2\/pages\/5\/revisions"}],"predecessor-version":[{"id":397,"href":"http:\/\/www.laitenberger-kirchenmusik.de\/neu\/wp-json\/wp\/v2\/pages\/5\/revisions\/397"}],"wp:attachment":[{"href":"http:\/\/www.laitenberger-kirchenmusik.de\/neu\/wp-json\/wp\/v2\/media?parent=5"}],"curies":[{"name":"wp","href":"https:\/\/api.w.org\/{rel}","templated":true}]}}