{"id":52,"date":"2021-01-03T15:26:18","date_gmt":"2021-01-03T14:26:18","guid":{"rendered":"http:\/\/www.laitenberger-kirchenmusik.de\/neu\/?page_id=52"},"modified":"2021-01-03T15:26:18","modified_gmt":"2021-01-03T14:26:18","slug":"chorkantaten-kleineren-und-mittleren-umfangs","status":"publish","type":"page","link":"http:\/\/www.laitenberger-kirchenmusik.de\/neu\/chorkantaten-kleineren-und-mittleren-umfangs\/","title":{"rendered":"Chorkantaten kleineren und mittleren Umfangs"},"content":{"rendered":"\n<figure class=\"wp-block-table is-style-stripes\"><table><tbody><tr><td>\u00a06.<\/td><td>Fuge und Choral<br>Der Tag bricht an und zeiget sich (1968)<br>f\u00fcr Chor, Streicher, Fl\u00f6te ad libitum\u00a0\u00a0\u00a0\u00a0\u00a0\u00a0\u00a0\u00a0\u00a0\u00a0\u00a0\u00a0\u00a0\u00a0\u00a0\u00a0\u00a0\u00a0\u00a0\u00a0\u00a0\u00a0\u00a0\u00a0\u00a0\u00a0\u00a0\u00a0\u00a0\u00a0\u00a0\u00a0\u00a0\u00a0\u00a0\u00a0\u00a0\u00a0\u00a0\u00a0\u00a0\u00a0\u00a0\u00a0\u00a0\u00a0\u00a0\u00a0\u00a0 <\/td><td>5\u00bd Min<\/td><\/tr><tr><td>7.<\/td><td>Gott wohnt in einem Lichte &#8230; (1973)<br>f\u00fcr Sopran, Tenor, Bass, Chor, Fl\u00f6te, 3 Posaunen, Streicher<\/td><td>10 Min<\/td><\/tr><tr><td>8.<\/td><td>Wohl denen, die da wandeln (1975)<br>f\u00fcr Bass, 4stimmigen Chor, Streicher\u00a0\u00a0\u00a0\u00a0\u00a0\u00a0\u00a0\u00a0\u00a0\u00a0\u00a0\u00a0\u00a0\u00a0\u00a0\u00a0\u00a0\u00a0\u00a0\u00a0\u00a0\u00a0\u00a0\u00a0\u00a0\u00a0\u00a0\u00a0\u00a0\u00a0\u00a0\u00a0\u00a0\u00a0\u00a0\u00a0\u00a0\u00a0\u00a0\u00a0\u00a0\u00a0\u00a0\u00a0\u00a0\u00a0\u00a0\u00a0\u00a0<\/td><td>15 Min<\/td><\/tr><tr><td>9.<\/td><td>Die Ernte ist gro\u00df (1935\/75)\u00a0\u00a0\u00a0\u00a0\u00a0\u00a0\u00a0<br>f\u00fcr Bariton, 4stimmigen Chor, Trompete oder Oboe, Streicher\u00a0\u00a0\u00a0\u00a0\u00a0\u00a0\u00a0\u00a0\u00a0\u00a0\u00a0\u00a0\u00a0\u00a0\u00a0\u00a0\u00a0\u00a0\u00a0\u00a0\u00a0\u00a0\u00a0\u00a0\u00a0\u00a0\u00a0\u00a0\u00a0\u00a0\u00a0\u00a0\u00a0\u00a0\u00a0\u00a0\u00a0\u00a0\u00a0\u00a0\u00a0\u00a0\u00a0\u00a0\u00a0\u00a0\u00a0\u00a0\u00a0\u00a0\u00a0\u00a0\u00a0\u00a0\u00a0\u00a0<\/td><td>8 Min<\/td><\/tr><tr><td>10.<\/td><td>Weihnachtskantate<br>In einem Kripplein lag ein Kind (1951\/77)\u00a0<br>f\u00fcr 4stimmigen gemischten Chor, 1-3stimmigen Kinderchor, Fl\u00f6te, Streicher\u00a0\u00a0\u00a0\u00a0\u00a0\u00a0\u00a0\u00a0\u00a0\u00a0\u00a0\u00a0\u00a0\u00a0\u00a0\u00a0\u00a0\u00a0\u00a0\u00a0\u00a0\u00a0\u00a0\u00a0\u00a0\u00a0\u00a0\u00a0\u00a0\u00a0\u00a0\u00a0\u00a0\u00a0\u00a0\u00a0\u00a0\u00a0\u00a0\u00a0\u00a0\u00a0\u00a0\u00a0\u00a0<\/td><td>9 Min<\/td><\/tr><tr><td>11.<\/td><td>Psalm 104 (V.1,8,9,13,14,23,24) (1979)\u00a0\u00a0\u00a0\u00a0\u00a0\u00a0\u00a0\u00a0\u00a0\u00a0\u00a0\u00a0\u00a0\u00a0\u00a0\u00a0\u00a0\u00a0\u00a0\u00a0\u00a0\u00a0\u00a0\u00a0\u00a0\u00a0\u00a0\u00a0\u00a0\u00a0\u00a0\u00a0\u00a0\u00a0\u00a0\u00a0\u00a0\u00a0\u00a0\u00a0\u00a0\u00a0\u00a0\u00a0\u00a0<br>f\u00fcr 2-3stimmigen Kinderchor, Melodie-Instrumente, Schlagwerk, Orgel\u00a0\u00a0\u00a0\u00a0<\/td><td>6 Min<\/td><\/tr><tr><td>12.<\/td><td>Zweitfassung (V.24,13,14,23,24)\u00a0<br>f\u00fcr gemischten Chor, Kinderchor und Instrumente<\/td><td><\/td><\/tr><tr><td>13.<\/td><td>Ich freue mich und danke (1977)\u00a0\u00a0<em>\u00a0(Text aus Westafrika)\u00a0\u00a0\u00a0\u00a0\u00a0\u00a0\u00a0<\/em><br>f\u00fcr 2stimmigen Kinderchor, Melodie-Instrumente, Schlagwerk, Orgel\u00a0<em>\u00a0\u00a0\u00a0\u00a0<\/em><br>[Urauff\u00fchrung 1977 in der Stuttgarter Stiftskirche durch den Sindelfinger Kinderchor,<br>KMD Klaus Roller; insgesamt ca. 20mal aufgef\u00fchrt]<em>\u00a0\u00a0\u00a0\u00a0\u00a0\u00a0\u00a0\u00a0\u00a0\u00a0\u00a0\u00a0\u00a0<\/em><\/td><td>7 Min<\/td><\/tr><tr><td>14.<\/td><td>Wer wohlauf ist und gesund (1982)\u00a0\u00a0\u00a0\u00a0\u00a0\u00a0\u00a0\u00a0\u00a0\u00a0\u00a0\u00a0\u00a0\u00a0\u00a0\u00a0\u00a0\u00a0\u00a0\u00a0\u00a0\u00a0\u00a0\u00a0\u00a0\u00a0\u00a0\u00a0\u00a0\u00a0\u00a0\u00a0\u00a0\u00a0\u00a0\u00a0\u00a0\u00a0\u00a0\u00a0\u00a0\u00a0\u00a0\u00a0\u00a0\u00a0\u00a0\u00a0\u00a0\u00a0\u00a0<br>Choralkantate f\u00fcr Sopran, Tenor, Bass, Chor, Trompete, Fl\u00f6te, Streicher<\/td><td>12 Min<\/td><\/tr><tr><td>15.<\/td><td>Sei wohlgemut und lass von Sorg und Gr\u00e4men (1983)\u00a0\u00a0\u00a0\u00a0\u00a0\u00a0\u00a0\u00a0\u00a0\u00a0\u00a0<br>Choralkantate f\u00fcr Sopran, Alt, Chor, Streicher\u00a0\u00a0\u00a0\u00a0\u00a0\u00a0\u00a0\u00a0\u00a0\u00a0\u00a0\u00a0\u00a0\u00a0\u00a0<\/td><td>\u00a012 Min<\/td><\/tr><tr><td>16.<\/td><td>Anbetung des Kindes (1984) (Josef Weinheber)\u00a0\u00a0<br>Weihnachtsmusik f\u00fcr Bariton, gemischten Chor, Streicher\u00a0\u00a0\u00a0\u00a0\u00a0\u00a0\u00a0\u00a0\u00a0\u00a0\u00a0\u00a0\u00a0\u00a0\u00a0\u00a0\u00a0\u00a0\u00a0\u00a0\u00a0\u00a0\u00a0\u00a0\u00a0\u00a0\u00a0\u00a0\u00a0\u00a0\u00a0\u00a0\u00a0\u00a0\u00a0<\/td><td>5 Min<\/td><\/tr><tr><td>17.<\/td><td>Der Mensch ahnt nichts von seiner Frist (1985)\u00a0\u00a0\u00a0<br>f\u00fcr Bariton, 4-6stimmigen Chor, 2 Trompeten, 2 Posaunen, Tuba, Schlagwerk\u00a0\u00a0\u00a0\u00a0\u00a0\u00a0\u00a0<br>I.: Jochen Klepper, Der Mensch ahnt nichts von seiner Frist; II.: Jesaja 51, V.6;\u00a0\u00a0\u00a0\u00a0\u00a0\u00a0\u00a0\u00a0\u00a0\u00a0\u00a0\u00a0\u00a0\u00a0\u00a0\u00a0\u00a0\u00a0\u00a0\u00a0\u00a0\u00a0\u00a0\u00a0\u00a0\u00a0<br>III.: Jesaja 51, V.3; IV.: Jochen Klepper, Der du allein der Ewge hei\u00dft<\/td><td>13 Min<\/td><\/tr><tr><td>18.<\/td><td>Das Bekenntnis des Petrus (1987)\u00a0\u00a0\u00a0\u00a0\u00a0\u00a0\u00a0\u00a0\u00a0<br>f\u00fcr Tenor, Bariton, Bass, Chor, Orgel oder Streicher\u00a0\u00a0\u00a0\u00a0\u00a0\u00a0\u00a0\u00a0\u00a0\u00a0\u00a0\u00a0\u00a0\u00a0\u00a0\u00a0\u00a0\u00a0\u00a0\u00a0\u00a0\u00a0\u00a0\u00a0\u00a0\u00a0\u00a0\u00a0\u00a0\u00a0\u00a0\u00a0\u00a0\u00a0\u00a0\u00a0\u00a0\u00a0\u00a0\u00a0\u00a0\u00a0\u00a0\u00a0<\/td><td>14 Min<\/td><\/tr><tr><td>19.<\/td><td>Wir danken dir, Herr Jesu Christ, dass du f\u00fcr uns gestorben bist (1990)\u00a0\u00a0\u00a0\u00a0<br>Kleine Choralkantate f\u00fcr Gemeindegesang, Tenor, Fl\u00f6te, Orgel\u00a0<\/td><td>7 Min<\/td><\/tr><tr><td>20.<\/td><td>Lob und Dank &#8211; Hymnus mit Worten aus Psalm 107 (1990)\u00a0\u00a0\u00a0\u00a0\u00a0\u00a0\u00a0\u00a0\u00a0\u00a0\u00a0\u00a0\u00a0\u00a0\u00a0\u00a0\u00a0\u00a0\u00a0 <br>f\u00fcr 4stimmigen gemischten Chor und Orgel\u00a0<br>[Urauff\u00fchrung 1993 in Stuttgart (Rosenbergkirche); Stuttgarter Doppelquartett,<br>KMD Hermann Trefz]<\/td><td>5\u00be Min<\/td><\/tr><tr><td>21.<\/td><td>Biblisches Lehrst\u00fcck<br>Das Gleichnis vom Unkraut zwischen dem Weizen (1933\/92)\u00a0\u00a0<br>f\u00fcr Chor, Bariton, Klarinette, Streicher, Orgel\u00a0\u00a0\u00a0\u00a0<br>[Urauff\u00fchrung 1933 in Stuttgart (Musikhochschule), Neufassung 1992]\u00a0\u00a0\u00a0\u00a0<\/td><td>16 Min.<\/td><\/tr><tr><td>22.<\/td><td>Christgesang vom Kommen des Lichts (1953) (*)\u00a0\u00a0<br>f\u00fcr Chor, Trompete, Streicher\u00a0\u00a0\u00a0\u00a0\u00a0\u00a0\u00a0\u00a0\u00a0\u00a0\u00a0\u00a0\u00a0\u00a0\u00a0\u00a0\u00a0\u00a0\u00a0\u00a0\u00a0\u00a0\u00a0\u00a0\u00a0\u00a0\u00a0\u00a0\u00a0\u00a0\u00a0\u00a0<\/td><td>4 Min<\/td><\/tr><\/tbody><\/table><\/figure>\n","protected":false},"excerpt":{"rendered":"<p>\u00a06. Fuge und ChoralDer Tag bricht an und zeiget sich (1968)f\u00fcr Chor, Streicher, Fl\u00f6te ad libitum\u00a0\u00a0\u00a0\u00a0\u00a0\u00a0\u00a0\u00a0\u00a0\u00a0\u00a0\u00a0\u00a0\u00a0\u00a0\u00a0\u00a0\u00a0\u00a0\u00a0\u00a0\u00a0\u00a0\u00a0\u00a0\u00a0\u00a0\u00a0\u00a0\u00a0\u00a0\u00a0\u00a0\u00a0\u00a0\u00a0\u00a0\u00a0\u00a0\u00a0\u00a0\u00a0\u00a0\u00a0\u00a0\u00a0\u00a0\u00a0\u00a0 5\u00bd Min 7. Gott wohnt in einem Lichte &#8230; (1973)f\u00fcr Sopran, Tenor, Bass, Chor, Fl\u00f6te, 3 Posaunen, Streicher 10 Min 8. Wohl denen, die da wandeln (1975)f\u00fcr Bass, 4stimmigen Chor, Streicher\u00a0\u00a0\u00a0\u00a0\u00a0\u00a0\u00a0\u00a0\u00a0\u00a0\u00a0\u00a0\u00a0\u00a0\u00a0\u00a0\u00a0\u00a0\u00a0\u00a0\u00a0\u00a0\u00a0\u00a0\u00a0\u00a0\u00a0\u00a0\u00a0\u00a0\u00a0\u00a0\u00a0\u00a0\u00a0\u00a0\u00a0\u00a0\u00a0\u00a0\u00a0\u00a0\u00a0\u00a0\u00a0\u00a0\u00a0\u00a0\u00a0 15 Min 9. Die Ernte ist gro\u00df (1935\/75)\u00a0\u00a0\u00a0\u00a0\u00a0\u00a0\u00a0f\u00fcr [&hellip;]<\/p>\n","protected":false},"author":2,"featured_media":0,"parent":0,"menu_order":0,"comment_status":"closed","ping_status":"closed","template":"","meta":{"footnotes":""},"class_list":["post-52","page","type-page","status-publish","hentry"],"_links":{"self":[{"href":"http:\/\/www.laitenberger-kirchenmusik.de\/neu\/wp-json\/wp\/v2\/pages\/52","targetHints":{"allow":["GET"]}}],"collection":[{"href":"http:\/\/www.laitenberger-kirchenmusik.de\/neu\/wp-json\/wp\/v2\/pages"}],"about":[{"href":"http:\/\/www.laitenberger-kirchenmusik.de\/neu\/wp-json\/wp\/v2\/types\/page"}],"author":[{"embeddable":true,"href":"http:\/\/www.laitenberger-kirchenmusik.de\/neu\/wp-json\/wp\/v2\/users\/2"}],"replies":[{"embeddable":true,"href":"http:\/\/www.laitenberger-kirchenmusik.de\/neu\/wp-json\/wp\/v2\/comments?post=52"}],"version-history":[{"count":1,"href":"http:\/\/www.laitenberger-kirchenmusik.de\/neu\/wp-json\/wp\/v2\/pages\/52\/revisions"}],"predecessor-version":[{"id":53,"href":"http:\/\/www.laitenberger-kirchenmusik.de\/neu\/wp-json\/wp\/v2\/pages\/52\/revisions\/53"}],"wp:attachment":[{"href":"http:\/\/www.laitenberger-kirchenmusik.de\/neu\/wp-json\/wp\/v2\/media?parent=52"}],"curies":[{"name":"wp","href":"https:\/\/api.w.org\/{rel}","templated":true}]}}