{"id":61,"date":"2021-01-03T20:07:36","date_gmt":"2021-01-03T19:07:36","guid":{"rendered":"http:\/\/www.laitenberger-kirchenmusik.de\/neu\/?page_id=61"},"modified":"2021-07-08T14:41:58","modified_gmt":"2021-07-08T12:41:58","slug":"satzfolgen-zu-kirchenliedern-choralmotetten","status":"publish","type":"page","link":"http:\/\/www.laitenberger-kirchenmusik.de\/neu\/satzfolgen-zu-kirchenliedern-choralmotetten\/","title":{"rendered":"Satzfolgen zu Kirchenliedern (Choralmotetten)"},"content":{"rendered":"\n<figure class=\"wp-block-table is-style-stripes\"><table><tbody><tr><td>41.<\/td><td>Nun freut euch, liebe Christen g\u2019mein (1932)<\/td><\/tr><tr><td>&nbsp;42.<\/td><td>Der Herr ist mein getreuer Hirt (1954) ehem.Verlag H\u00e4nssler<\/td><\/tr><tr><td>43.<\/td><td>&nbsp;&nbsp;&nbsp;Ach Gott, vom Himmel sieh darein (1932)&nbsp;&nbsp;&nbsp;&nbsp;&nbsp;&nbsp;&nbsp;&nbsp;&nbsp;&nbsp;&nbsp;&nbsp;&nbsp;&nbsp;&nbsp;&nbsp;&nbsp;&nbsp;&nbsp;&nbsp;&nbsp;&nbsp;<\/td><\/tr><tr><td>44.&nbsp;<\/td><td>Es kennt der Herr die Seinen (1975)&nbsp;<br><em>[Urauff\u00fchrung 1987 durch Kirchen- und Posaunenchor Pl\u00fcderhausen]&nbsp;<\/em><\/td><\/tr><tr><td>45.<\/td><td>Gott lebet, sein Name gibt Leben und St\u00e4rke (1975)<\/td><\/tr><tr><td>46.<br>46.a<br>46.b<\/td><td>Zwei Passionsmotetten (1991)<br>&#8211; O Mensch, bewein dein S\u00fcnde gro\u00df<br>&#8211; Christe, du Sch\u00f6pfer aller Welt <em>[Urauff\u00fchrung 1992 durch den Chor der Musikhochschule Stuttgart]<\/em><\/td><\/tr><\/tbody><\/table><\/figure>\n\n\n\n<p><\/p>\n","protected":false},"excerpt":{"rendered":"<p>41. Nun freut euch, liebe Christen g\u2019mein (1932) &nbsp;42. Der Herr ist mein getreuer Hirt (1954) ehem.Verlag H\u00e4nssler 43. &nbsp;&nbsp;&nbsp;Ach Gott, vom Himmel sieh darein (1932)&nbsp;&nbsp;&nbsp;&nbsp;&nbsp;&nbsp;&nbsp;&nbsp;&nbsp;&nbsp;&nbsp;&nbsp;&nbsp;&nbsp;&nbsp;&nbsp;&nbsp;&nbsp;&nbsp;&nbsp;&nbsp;&nbsp; 44.&nbsp; Es kennt der Herr die Seinen (1975)&nbsp;[Urauff\u00fchrung 1987 durch Kirchen- und Posaunenchor Pl\u00fcderhausen]&nbsp; 45. Gott lebet, sein Name gibt Leben und St\u00e4rke (1975) 46.46.a46.b Zwei Passionsmotetten (1991)&#8211; O [&hellip;]<\/p>\n","protected":false},"author":2,"featured_media":0,"parent":0,"menu_order":0,"comment_status":"closed","ping_status":"closed","template":"","meta":{"footnotes":""},"class_list":["post-61","page","type-page","status-publish","hentry"],"_links":{"self":[{"href":"http:\/\/www.laitenberger-kirchenmusik.de\/neu\/wp-json\/wp\/v2\/pages\/61","targetHints":{"allow":["GET"]}}],"collection":[{"href":"http:\/\/www.laitenberger-kirchenmusik.de\/neu\/wp-json\/wp\/v2\/pages"}],"about":[{"href":"http:\/\/www.laitenberger-kirchenmusik.de\/neu\/wp-json\/wp\/v2\/types\/page"}],"author":[{"embeddable":true,"href":"http:\/\/www.laitenberger-kirchenmusik.de\/neu\/wp-json\/wp\/v2\/users\/2"}],"replies":[{"embeddable":true,"href":"http:\/\/www.laitenberger-kirchenmusik.de\/neu\/wp-json\/wp\/v2\/comments?post=61"}],"version-history":[{"count":5,"href":"http:\/\/www.laitenberger-kirchenmusik.de\/neu\/wp-json\/wp\/v2\/pages\/61\/revisions"}],"predecessor-version":[{"id":252,"href":"http:\/\/www.laitenberger-kirchenmusik.de\/neu\/wp-json\/wp\/v2\/pages\/61\/revisions\/252"}],"wp:attachment":[{"href":"http:\/\/www.laitenberger-kirchenmusik.de\/neu\/wp-json\/wp\/v2\/media?parent=61"}],"curies":[{"name":"wp","href":"https:\/\/api.w.org\/{rel}","templated":true}]}}