{"id":65,"date":"2021-01-04T10:20:37","date_gmt":"2021-01-04T09:20:37","guid":{"rendered":"http:\/\/www.laitenberger-kirchenmusik.de\/neu\/?page_id=65"},"modified":"2021-01-04T10:20:37","modified_gmt":"2021-01-04T09:20:37","slug":"saetze-zu-kirchenliedern","status":"publish","type":"page","link":"http:\/\/www.laitenberger-kirchenmusik.de\/neu\/saetze-zu-kirchenliedern\/","title":{"rendered":"S\u00e4tze zu Kirchenliedern"},"content":{"rendered":"\n<figure class=\"wp-block-table is-style-stripes\"><table><tbody><tr><td>\u00a047.<\/td><td>\u00a0S\u00e4tze zu Kirchenliedern(*) f\u00fcr gemischten Chor<\/td><\/tr><tr><td>47.a&nbsp;<\/td><td>&#8211; Mit Ernst, o Menschenkinder<\/td><\/tr><tr><td>47.b&nbsp;<\/td><td>&#8211; Der Heiland kam zu seiner Tauf&nbsp;<\/td><\/tr><tr><td>47.c<\/td><td>&#8211; Wir wollen singen ein Lobgesang&nbsp;<\/td><\/tr><tr><td>47.d.<\/td><td>&#8211; Zion h\u00f6rt die W\u00e4chter singen<\/td><\/tr><tr><td>47.e&nbsp;<\/td><td>&#8211; Du meine Seele, singe<\/td><\/tr><tr><td>47.f<\/td><td>&#8211; Aller Weisheit h\u00f6chste F\u00fclle<\/td><\/tr><tr><td>47.g<\/td><td>&#8211; Gott sei gelobt, der Weg ist gmacht<\/td><\/tr><tr><td>47.h<\/td><td>&#8211; Die Sach ist dein, Herr Jesu Christ&nbsp;<\/td><\/tr><tr><td>47.i<\/td><td>&#8211; Der Herr ist gut, in dessen Dienst wir stehn&nbsp;<\/td><\/tr><tr><td>47.j<\/td><td>&#8211; Schon bricht des Tages Glanz hervor<\/td><\/tr><tr><td>47.k<\/td><td>&#8211; Wir sind noch in der H\u00fctten<\/td><\/tr><\/tbody><\/table><\/figure>\n","protected":false},"excerpt":{"rendered":"<p>\u00a047. \u00a0S\u00e4tze zu Kirchenliedern(*) f\u00fcr gemischten Chor 47.a&nbsp; &#8211; Mit Ernst, o Menschenkinder 47.b&nbsp; &#8211; Der Heiland kam zu seiner Tauf&nbsp; 47.c &#8211; Wir wollen singen ein Lobgesang&nbsp; 47.d. &#8211; Zion h\u00f6rt die W\u00e4chter singen 47.e&nbsp; &#8211; Du meine Seele, singe 47.f &#8211; Aller Weisheit h\u00f6chste F\u00fclle 47.g &#8211; Gott sei gelobt, der Weg ist [&hellip;]<\/p>\n","protected":false},"author":2,"featured_media":0,"parent":0,"menu_order":0,"comment_status":"closed","ping_status":"closed","template":"","meta":{"footnotes":""},"class_list":["post-65","page","type-page","status-publish","hentry"],"_links":{"self":[{"href":"http:\/\/www.laitenberger-kirchenmusik.de\/neu\/wp-json\/wp\/v2\/pages\/65","targetHints":{"allow":["GET"]}}],"collection":[{"href":"http:\/\/www.laitenberger-kirchenmusik.de\/neu\/wp-json\/wp\/v2\/pages"}],"about":[{"href":"http:\/\/www.laitenberger-kirchenmusik.de\/neu\/wp-json\/wp\/v2\/types\/page"}],"author":[{"embeddable":true,"href":"http:\/\/www.laitenberger-kirchenmusik.de\/neu\/wp-json\/wp\/v2\/users\/2"}],"replies":[{"embeddable":true,"href":"http:\/\/www.laitenberger-kirchenmusik.de\/neu\/wp-json\/wp\/v2\/comments?post=65"}],"version-history":[{"count":1,"href":"http:\/\/www.laitenberger-kirchenmusik.de\/neu\/wp-json\/wp\/v2\/pages\/65\/revisions"}],"predecessor-version":[{"id":66,"href":"http:\/\/www.laitenberger-kirchenmusik.de\/neu\/wp-json\/wp\/v2\/pages\/65\/revisions\/66"}],"wp:attachment":[{"href":"http:\/\/www.laitenberger-kirchenmusik.de\/neu\/wp-json\/wp\/v2\/media?parent=65"}],"curies":[{"name":"wp","href":"https:\/\/api.w.org\/{rel}","templated":true}]}}