{"id":69,"date":"2021-01-04T12:53:24","date_gmt":"2021-01-04T11:53:24","guid":{"rendered":"http:\/\/www.laitenberger-kirchenmusik.de\/neu\/?page_id=69"},"modified":"2021-07-08T14:46:35","modified_gmt":"2021-07-08T12:46:35","slug":"orgel","status":"publish","type":"page","link":"http:\/\/www.laitenberger-kirchenmusik.de\/neu\/orgel\/","title":{"rendered":"Orgel"},"content":{"rendered":"\n<figure class=\"wp-block-table is-style-stripes\"><table><tbody><tr><td>&nbsp;49.<\/td><td>&nbsp;ca. 40 Choralvorspiele, davon 3 gedruckt in&nbsp;&#8222;Schw\u00e4bische Orgelromantik&#8220;<br>(Metzlersche Verlagsbuchhandlung, jetzt Verlag Schr\u00f6del, Hannover)<\/td><td><\/td><\/tr><tr><td>&nbsp;<\/td><td>Gesonderte Zusammenstellungen:<\/td><td><\/td><\/tr><tr><td>50.<\/td><td>&#8211; Zehn Choralvorspiele f\u00fcr Gottesdienst und Kirchenmusiken<\/td><td><\/td><\/tr><tr><td>51.&nbsp;<\/td><td>&#8211; Sechs Choralvorspiele f\u00fcr den gottesdienstlichen Gebrauch<br>Dies ist die Nacht, die mir erschienen (O dass ich tausend Zungen h\u00e4tte)<br>Wir danken dir, Herr Jesu Christ, dass du f\u00fcr uns gestorben bist<br>Mit Freuden zart<br>Sollt ich meinem Gott nicht singen<br>O Ewigkeit, du Freudenwort<\/td><td><\/td><\/tr><tr><td>52.<\/td><td>&#8211; F\u00fcnf Choralvorspiele f\u00fcr Kleinorgel mit bei a\/b geteilten Schleifen<br>Lobt Gott getrost mit Singen<br>Wohl denen, die da wandeln<br>Such, wer da will, ein ander Ziel<br>Jesus Christus, unser Heiland<br>Nun bitten wir den heiligen Geist<\/td><td><\/td><\/tr><tr><td>&nbsp;<\/td><td>&nbsp;<\/td><td><\/td><\/tr><tr><td>53.<\/td><td>Orgelmusik in d (Orgelsonate I) (1971)\u00a0\u00a0\u00a0\u00a0\u00a0\u00a0\u00a0\u00a0\u00a0\u00a0\u00a0\u00a0\u00a0\u00a0\u00a0\u00a0\u00a0\u00a0\u00a0\u00a0\u00a0\u00a0\u00a0\u00a0\u00a0\u00a0              <br><em>[Urauff\u00fchrung 1986 in der Heilbronner Kilianskirche, KMD Hermann Rau]<\/em><\/td><td>14 Min.<\/td><\/tr><tr><td>54.<\/td><td>Orgelsonate II (1925\/75)\u00a0\u00a0\u00a0\u00a0\u00a0\u00a0\u00a0\u00a0\u00a0\u00a0\u00a0\u00a0\u00a0\u00a0\u00a0\u00a0\u00a0\u00a0\u00a0\u00a0\u00a0\u00a0\u00a0\u00a0\u00a0\u00a0\u00a0\u00a0\u00a0\u00a0\u00a0\u00a0\u00a0\u00a0\u00a0\u00a0\u00a0\u00a0\u00a0\u00a0\u00a0\u00a0\u00a0\u00a0\u00a0\u00a0      <br><em>[Urauff\u00fchrung 1988 im Ulmer M\u00fcnster]<\/em><\/td><td>15 Min.<\/td><\/tr><tr><td>55.<\/td><td>Orgelsonate III (1978)\u00a0\u00a0\u00a0\u00a0\u00a0\u00a0\u00a0\u00a0\u00a0\u00a0\u00a0\u00a0\u00a0\u00a0\u00a0\u00a0\u00a0\u00a0\u00a0\u00a0\u00a0\u00a0\u00a0\u00a0\u00a0\u00a0\u00a0\u00a0\u00a0\u00a0\u00a0\u00a0\u00a0\u00a0\u00a0\u00a0\u00a0\u00a0\u00a0\u00a0\u00a0\u00a0\u00a0\u00a0\u00a0\u00a0\u00a0        \u00a0\u00a0 <br><em>[Auff\u00fchrungen in Ulm (1986) und Stuttgart]<\/em><\/td><td>11 Min.<\/td><\/tr><tr><td>56.<\/td><td>Liebhaberst\u00fccke f\u00fcr die Orgel (1974)<br>ehem.Verlag D\u00f6ring<\/td><td><\/td><\/tr><tr><td>57.<\/td><td>Kleine Choralmusiken (Intonationen) (1974)<br>ehem.Verlag D\u00f6ring<\/td><td><\/td><\/tr><\/tbody><\/table><\/figure>\n","protected":false},"excerpt":{"rendered":"<p>&nbsp;49. &nbsp;ca. 40 Choralvorspiele, davon 3 gedruckt in&nbsp;&#8222;Schw\u00e4bische Orgelromantik&#8220;(Metzlersche Verlagsbuchhandlung, jetzt Verlag Schr\u00f6del, Hannover) &nbsp; Gesonderte Zusammenstellungen: 50. &#8211; Zehn Choralvorspiele f\u00fcr Gottesdienst und Kirchenmusiken 51.&nbsp; &#8211; Sechs Choralvorspiele f\u00fcr den gottesdienstlichen GebrauchDies ist die Nacht, die mir erschienen (O dass ich tausend Zungen h\u00e4tte)Wir danken dir, Herr Jesu Christ, dass du f\u00fcr uns gestorben [&hellip;]<\/p>\n","protected":false},"author":2,"featured_media":0,"parent":0,"menu_order":0,"comment_status":"closed","ping_status":"closed","template":"","meta":{"footnotes":""},"class_list":["post-69","page","type-page","status-publish","hentry"],"_links":{"self":[{"href":"http:\/\/www.laitenberger-kirchenmusik.de\/neu\/wp-json\/wp\/v2\/pages\/69","targetHints":{"allow":["GET"]}}],"collection":[{"href":"http:\/\/www.laitenberger-kirchenmusik.de\/neu\/wp-json\/wp\/v2\/pages"}],"about":[{"href":"http:\/\/www.laitenberger-kirchenmusik.de\/neu\/wp-json\/wp\/v2\/types\/page"}],"author":[{"embeddable":true,"href":"http:\/\/www.laitenberger-kirchenmusik.de\/neu\/wp-json\/wp\/v2\/users\/2"}],"replies":[{"embeddable":true,"href":"http:\/\/www.laitenberger-kirchenmusik.de\/neu\/wp-json\/wp\/v2\/comments?post=69"}],"version-history":[{"count":3,"href":"http:\/\/www.laitenberger-kirchenmusik.de\/neu\/wp-json\/wp\/v2\/pages\/69\/revisions"}],"predecessor-version":[{"id":254,"href":"http:\/\/www.laitenberger-kirchenmusik.de\/neu\/wp-json\/wp\/v2\/pages\/69\/revisions\/254"}],"wp:attachment":[{"href":"http:\/\/www.laitenberger-kirchenmusik.de\/neu\/wp-json\/wp\/v2\/media?parent=69"}],"curies":[{"name":"wp","href":"https:\/\/api.w.org\/{rel}","templated":true}]}}