{"id":71,"date":"2021-01-04T13:02:06","date_gmt":"2021-01-04T12:02:06","guid":{"rendered":"http:\/\/www.laitenberger-kirchenmusik.de\/neu\/?page_id=71"},"modified":"2021-07-08T14:56:41","modified_gmt":"2021-07-08T12:56:41","slug":"orgel-mit-instrumenten","status":"publish","type":"page","link":"http:\/\/www.laitenberger-kirchenmusik.de\/neu\/orgel-mit-instrumenten\/","title":{"rendered":"Orgel mit Instrumenten"},"content":{"rendered":"\n<figure class=\"wp-block-table is-style-stripes\"><table><tbody><tr><td>58.<\/td><td class=\"has-text-align-left\" data-align=\"left\">&nbsp;Variationen \u00fcber ein Thema nach G. Frescobaldi (1978)&nbsp;f\u00fcr Bratsche und Orgel        <br><em>[Urauff\u00fchrung 1987 in der Bonner Kreuzkirche;<\/em><br><em>Orgel Johannes Geffert]<br>[vgl. Nr. 90.]<\/em><\/td><td>11 Min.<\/td><\/tr><tr><td>59.<\/td><td class=\"has-text-align-left\" data-align=\"left\">Kleine Sonate (1979)f\u00fcr Trompete, Altposaune (Horn) und Orgel<\/td><td>8 Min.<\/td><\/tr><tr><td>60.<\/td><td class=\"has-text-align-left\" data-align=\"left\">Choralsonate\u00a0&#8222;Ist Gott f\u00fcr mich&#8220;\u00a0(1980) f\u00fcr Horn und Orgel<br>I. Ist Gott f\u00fcr mich, so trete \/ gleich alles wider mich<br>II. Sein Geist spricht meinem Geiste \/ manch s\u00fc\u00dfes Trostwort zu<br>III.\u00a0Mein Herze geht in Spr\u00fcngen \/ und kann nicht traurig sein<br><em>[Urauff\u00fchrung 1982 in Heilbronn und Calw; Michael Hoeltzel (Horn),\u00a0<\/em><br><em>Hermann Rau (Orgel); weitere Auff\u00fchrungen u.a. im Ulmer M\u00fcnster]<br>[vgl. Nr. 100]<\/em><\/td><td>7 Min.<\/td><\/tr><tr><td>61.<\/td><td class=\"has-text-align-left\" data-align=\"left\">Konzert Es-Dur f\u00fcr Orgel und Streichorchester (1982)<br><em>[vgl. Nr. 98.]   <br>[Auff\u00fchrungen in Balingen (1984) u.a., auch in Bonn, Stuttgart]<\/em><\/td><td>12 Min.<\/td><\/tr><tr><td>62.<\/td><td class=\"has-text-align-left\" data-align=\"left\">Concertino f\u00fcr Trompete und Orgel (1986)<\/td><td>7 Min.<\/td><\/tr><tr><td>63.<\/td><td class=\"has-text-align-left\" data-align=\"left\">Suite C-Dur f\u00fcr Oboe (Violine, Fl\u00f6te) und Orgel (1986)<br><em>[Auff\u00fchrungen in Schorndorf, Pl\u00fcderhausen]<\/em><\/td><td>15 Min.<\/td><\/tr><tr><td>64.<\/td><td class=\"has-text-align-left\" data-align=\"left\">&nbsp;Sonate F-Dur f\u00fcr Horn und Orgel (1987)<br><em>[Auff\u00fchrungen in Pfullingen und Calw]<\/em><\/td><td>9 Min.<\/td><\/tr><\/tbody><\/table><\/figure>\n","protected":false},"excerpt":{"rendered":"<p>58. &nbsp;Variationen \u00fcber ein Thema nach G. Frescobaldi (1978)&nbsp;f\u00fcr Bratsche und Orgel [Urauff\u00fchrung 1987 in der Bonner Kreuzkirche;Orgel Johannes Geffert][vgl. Nr. 90.] 11 Min. 59. Kleine Sonate (1979)f\u00fcr Trompete, Altposaune (Horn) und Orgel 8 Min. 60. Choralsonate\u00a0&#8222;Ist Gott f\u00fcr mich&#8220;\u00a0(1980) f\u00fcr Horn und OrgelI. Ist Gott f\u00fcr mich, so trete \/ gleich alles wider michII. [&hellip;]<\/p>\n","protected":false},"author":2,"featured_media":0,"parent":0,"menu_order":0,"comment_status":"closed","ping_status":"closed","template":"","meta":{"footnotes":""},"class_list":["post-71","page","type-page","status-publish","hentry"],"_links":{"self":[{"href":"http:\/\/www.laitenberger-kirchenmusik.de\/neu\/wp-json\/wp\/v2\/pages\/71","targetHints":{"allow":["GET"]}}],"collection":[{"href":"http:\/\/www.laitenberger-kirchenmusik.de\/neu\/wp-json\/wp\/v2\/pages"}],"about":[{"href":"http:\/\/www.laitenberger-kirchenmusik.de\/neu\/wp-json\/wp\/v2\/types\/page"}],"author":[{"embeddable":true,"href":"http:\/\/www.laitenberger-kirchenmusik.de\/neu\/wp-json\/wp\/v2\/users\/2"}],"replies":[{"embeddable":true,"href":"http:\/\/www.laitenberger-kirchenmusik.de\/neu\/wp-json\/wp\/v2\/comments?post=71"}],"version-history":[{"count":8,"href":"http:\/\/www.laitenberger-kirchenmusik.de\/neu\/wp-json\/wp\/v2\/pages\/71\/revisions"}],"predecessor-version":[{"id":266,"href":"http:\/\/www.laitenberger-kirchenmusik.de\/neu\/wp-json\/wp\/v2\/pages\/71\/revisions\/266"}],"wp:attachment":[{"href":"http:\/\/www.laitenberger-kirchenmusik.de\/neu\/wp-json\/wp\/v2\/media?parent=71"}],"curies":[{"name":"wp","href":"https:\/\/api.w.org\/{rel}","templated":true}]}}