{"id":74,"date":"2021-01-04T16:23:47","date_gmt":"2021-01-04T15:23:47","guid":{"rendered":"http:\/\/www.laitenberger-kirchenmusik.de\/neu\/?page_id=74"},"modified":"2021-07-08T14:58:13","modified_gmt":"2021-07-08T12:58:13","slug":"blechblaeser","status":"publish","type":"page","link":"http:\/\/www.laitenberger-kirchenmusik.de\/neu\/blechblaeser\/","title":{"rendered":"Blechbl\u00e4ser"},"content":{"rendered":"\n<figure id=\"AutoNumber2\" class=\"wp-block-table is-style-stripes\"><table><tbody><tr><td>&nbsp;&nbsp;65.<br>65.a<br>65.b<br>65.c<br>65.d<\/td><td><br>Choralpartiten f\u00fcr Posaunenchor (1979)<br>&#8211; Nun jauchzt dem Herrn alle Welt<br>&#8211; Wohlauf, wohlauf mit hellem Ton<br>&#8211; O Jesu Christ, meins Lebens Licht (All, die gefallen)<br>&#8211; Es kennt der Herr die Seinen<br><em>[Urauff\u00fchrung 1987 in Pl\u00fcderhausen]<\/em><\/td><td><\/td><\/tr><tr><td>66.&nbsp;&nbsp;&nbsp;<\/td><td>Suite in f -Moll (1980) f\u00fcr 2 Trompeten, 2 Posaunen, Tuba<\/td><td>9 Min.<\/td><\/tr><tr><td>67.&nbsp;<\/td><td>Festmusik in B-Dur (1980) f\u00fcr 2 Trompeten, 2 Posaunen, Tuba<\/td><td>6 Min.<\/td><\/tr><\/tbody><\/table><\/figure>\n","protected":false},"excerpt":{"rendered":"<p>&nbsp;&nbsp;65.65.a65.b65.c65.d Choralpartiten f\u00fcr Posaunenchor (1979)&#8211; Nun jauchzt dem Herrn alle Welt&#8211; Wohlauf, wohlauf mit hellem Ton&#8211; O Jesu Christ, meins Lebens Licht (All, die gefallen)&#8211; Es kennt der Herr die Seinen[Urauff\u00fchrung 1987 in Pl\u00fcderhausen] 66.&nbsp;&nbsp;&nbsp; Suite in f -Moll (1980) f\u00fcr 2 Trompeten, 2 Posaunen, Tuba 9 Min. 67.&nbsp; Festmusik in B-Dur (1980) f\u00fcr 2 [&hellip;]<\/p>\n","protected":false},"author":2,"featured_media":0,"parent":0,"menu_order":0,"comment_status":"closed","ping_status":"closed","template":"","meta":{"footnotes":""},"class_list":["post-74","page","type-page","status-publish","hentry"],"_links":{"self":[{"href":"http:\/\/www.laitenberger-kirchenmusik.de\/neu\/wp-json\/wp\/v2\/pages\/74","targetHints":{"allow":["GET"]}}],"collection":[{"href":"http:\/\/www.laitenberger-kirchenmusik.de\/neu\/wp-json\/wp\/v2\/pages"}],"about":[{"href":"http:\/\/www.laitenberger-kirchenmusik.de\/neu\/wp-json\/wp\/v2\/types\/page"}],"author":[{"embeddable":true,"href":"http:\/\/www.laitenberger-kirchenmusik.de\/neu\/wp-json\/wp\/v2\/users\/2"}],"replies":[{"embeddable":true,"href":"http:\/\/www.laitenberger-kirchenmusik.de\/neu\/wp-json\/wp\/v2\/comments?post=74"}],"version-history":[{"count":3,"href":"http:\/\/www.laitenberger-kirchenmusik.de\/neu\/wp-json\/wp\/v2\/pages\/74\/revisions"}],"predecessor-version":[{"id":267,"href":"http:\/\/www.laitenberger-kirchenmusik.de\/neu\/wp-json\/wp\/v2\/pages\/74\/revisions\/267"}],"wp:attachment":[{"href":"http:\/\/www.laitenberger-kirchenmusik.de\/neu\/wp-json\/wp\/v2\/media?parent=74"}],"curies":[{"name":"wp","href":"https:\/\/api.w.org\/{rel}","templated":true}]}}