{"id":77,"date":"2021-01-04T16:32:46","date_gmt":"2021-01-04T15:32:46","guid":{"rendered":"http:\/\/www.laitenberger-kirchenmusik.de\/neu\/?page_id=77"},"modified":"2021-07-08T15:09:50","modified_gmt":"2021-07-08T13:09:50","slug":"weltliche-chormusik","status":"publish","type":"page","link":"http:\/\/www.laitenberger-kirchenmusik.de\/neu\/weltliche-chormusik\/","title":{"rendered":"Weltliche Chormusik"},"content":{"rendered":"\n<figure class=\"wp-block-table is-style-stripes\"><table><tbody><tr><td>&nbsp;68.<\/td><td>Chorlieder zu Gedichten schw\u00e4bischer Dichter<br>f\u00fcr 4stimmigen gemischten Chor<\/td><td><\/td><\/tr><tr><td>69.<\/td><td>Zwei Abendges\u00e4nge <br>f\u00fcr gemischten Chor<\/td><td><\/td><\/tr><tr><td>70.<\/td><td>Vier M\u00e4nnerch\u00f6re zu Gedichten von Ludwig Uhland<\/td><td><\/td><\/tr><tr><td>71.<\/td><td>\u00dcberm H\u00fcgel<br>Zwei M\u00e4nnerch\u00f6re mit Klavierbegleitung ad libitum<\/td><td><\/td><\/tr><tr><td>72.&nbsp;<\/td><td>Zwei Marienlieder<br>f\u00fcr drei gleiche Stimmen<\/td><td><\/td><\/tr><tr><td>73.&nbsp;<\/td><td>Trinken und Singen.<br>Chorische Humoreske (1987) f\u00fcr gemischten Chor (a),<br> f\u00fcr M\u00e4nnerchor (b)<br>&nbsp;Text Joseph von Eichendorff&nbsp;<\/td><td>4 Min.<\/td><\/tr><tr><td>74.<\/td><td>&nbsp;F\u00fcnf Volkslieds\u00e4tze<br>f\u00fcr Stimmen und Instrumente in gemischten Besetzungen<\/td><td><\/td><\/tr><tr><td>75.&nbsp;<\/td><td>Wild V\u00f6gelein. Kantate (1988)<br>f\u00fcr Sopran, Bariton, gemischten Chor, Streicher<br>Text Volkslied aus Siebenb\u00fcrgen<br><em>[Urauff\u00fchrung 1993 in Pl\u00fcderhausen]<\/em><\/td><td>8 Min.<\/td><\/tr><tr><td>76.<\/td><td>Heimatges\u00e4nge<br>Chorisch oder mit Klavierbegleitung<\/td><td><\/td><\/tr><tr><td>&nbsp;<\/td><td><\/td><td><\/td><\/tr><tr><td>&nbsp;<\/td><td><strong>Das Baden-W\u00fcrttemberg-Lied\u00a0<\/strong>(s.a.Heimatges\u00e4nge)<br><br><\/td><td><\/td><\/tr><tr><td>77.<br>77.a<br><br>77.b<br><br>77.c<br><br>77.d<br>77.e<\/td><td>Wo Alb und Schwarzwald ihre H\u00e4upter heben (1985)<br>&#8211; Ausgabe einstimmig mit Klavierbegleitung <br><em>[Urauff\u00fchrung 1988 in Pl\u00fcderhausen]<\/em><br>&#8211; Ausgabe f\u00fcr 4stimmigen gemischten Chor <br><em>[Urauff\u00fchrung 1988 in Pl\u00fcderhausen]<\/em><br>&#8211; Ausgabe f\u00fcr 3-4stimmigen M\u00e4nnerchor<em> <\/em><br><em>[Urauff\u00fchrung 1987 in Balingen]<\/em><br>&#8211; Ausgabe f\u00fcr 2-3stimmigen Kinderchor und Klavier<br>&#8211; Neue Ausgabe in S\u00e4tzen f\u00fcr 1-4stimmigen Chor und Streicher (1988)<br><\/td><td><\/td><\/tr><tr><td>78.<\/td><td>14 Variationen \u00fcber&nbsp;&nbsp;&#8222;Wo Alb und Schwarzwald &#8230;&#8220;&nbsp;(1985) f\u00fcr Streichquartett <br><em>[Urauff\u00fchrung 1987 in Balingen]<\/em><\/td><td>12 Min.<\/td><\/tr><tr><td>79.<br>79.a<br>79.b<br>79.c<\/td><td>Ein heiteres Baden-W\u00fcrttemberg-Lied (1990)<br>&#8211; einstimmig mit Klavierbegleitung<br>&#8211; f\u00fcr 4stimmigen gemischten Chor<br>&#8211; f\u00fcr M\u00e4nnerchor mit Klavier ad libitum<\/td><td><\/td><\/tr><\/tbody><\/table><\/figure>\n","protected":false},"excerpt":{"rendered":"<p>&nbsp;68. Chorlieder zu Gedichten schw\u00e4bischer Dichterf\u00fcr 4stimmigen gemischten Chor 69. Zwei Abendges\u00e4nge f\u00fcr gemischten Chor 70. Vier M\u00e4nnerch\u00f6re zu Gedichten von Ludwig Uhland 71. \u00dcberm H\u00fcgelZwei M\u00e4nnerch\u00f6re mit Klavierbegleitung ad libitum 72.&nbsp; Zwei Marienliederf\u00fcr drei gleiche Stimmen 73.&nbsp; Trinken und Singen.Chorische Humoreske (1987) f\u00fcr gemischten Chor (a), f\u00fcr M\u00e4nnerchor (b)&nbsp;Text Joseph von Eichendorff&nbsp; 4 Min. [&hellip;]<\/p>\n","protected":false},"author":2,"featured_media":0,"parent":0,"menu_order":0,"comment_status":"closed","ping_status":"closed","template":"","meta":{"footnotes":""},"class_list":["post-77","page","type-page","status-publish","hentry"],"_links":{"self":[{"href":"http:\/\/www.laitenberger-kirchenmusik.de\/neu\/wp-json\/wp\/v2\/pages\/77","targetHints":{"allow":["GET"]}}],"collection":[{"href":"http:\/\/www.laitenberger-kirchenmusik.de\/neu\/wp-json\/wp\/v2\/pages"}],"about":[{"href":"http:\/\/www.laitenberger-kirchenmusik.de\/neu\/wp-json\/wp\/v2\/types\/page"}],"author":[{"embeddable":true,"href":"http:\/\/www.laitenberger-kirchenmusik.de\/neu\/wp-json\/wp\/v2\/users\/2"}],"replies":[{"embeddable":true,"href":"http:\/\/www.laitenberger-kirchenmusik.de\/neu\/wp-json\/wp\/v2\/comments?post=77"}],"version-history":[{"count":11,"href":"http:\/\/www.laitenberger-kirchenmusik.de\/neu\/wp-json\/wp\/v2\/pages\/77\/revisions"}],"predecessor-version":[{"id":278,"href":"http:\/\/www.laitenberger-kirchenmusik.de\/neu\/wp-json\/wp\/v2\/pages\/77\/revisions\/278"}],"wp:attachment":[{"href":"http:\/\/www.laitenberger-kirchenmusik.de\/neu\/wp-json\/wp\/v2\/media?parent=77"}],"curies":[{"name":"wp","href":"https:\/\/api.w.org\/{rel}","templated":true}]}}