{"id":79,"date":"2021-01-04T16:35:50","date_gmt":"2021-01-04T15:35:50","guid":{"rendered":"http:\/\/www.laitenberger-kirchenmusik.de\/neu\/?page_id=79"},"modified":"2021-07-08T15:10:54","modified_gmt":"2021-07-08T13:10:54","slug":"einzelstimme-und-klavier","status":"publish","type":"page","link":"http:\/\/www.laitenberger-kirchenmusik.de\/neu\/einzelstimme-und-klavier\/","title":{"rendered":"Einzelstimme und Klavier"},"content":{"rendered":"\n<figure class=\"wp-block-table is-style-stripes\"><table><tbody><tr><td>&nbsp;80.<\/td><td>Sechs Lieder zu Gedichten von Hermann Hesse<br>f\u00fcr Tenor und Klavier<br>(Originalmanuskript im Hesse-Archiv in Calw)<br><em>[Auff\u00fchrungen in Calw, Esslingen, Pl\u00fcderhausen]<\/em><\/td><\/tr><tr><td>81.&nbsp;<\/td><td>F\u00fcnf Lieder zu Gedichten von Hermann Hesse (neue Zusammenstellung)<br>f\u00fcr Bariton und Klavier<br><em>[Auff\u00fchrungen beim Internationalen Hesse-Kolloquium Calw 1988, in Trossingen, Schorndorf, Bonn]<\/em><\/td><\/tr><tr><td>82.&nbsp;<\/td><td>Sechs H\u00f6lderlinges\u00e4nge f\u00fcr mittlere Stimme und Klavier<br><em>[Urauff\u00fchrung 1988 in der Bundesakademie f\u00fcr musikalische Jugendbildung Trossingen]<\/em><\/td><\/tr><tr><td>83.<\/td><td>Lieder verschiedener Dichter &#8211; Volksliedhaftes<\/td><\/tr><tr><td>84.<\/td><td>Unterwegs &#8211; Drei Lieder f\u00fcr mittlere Stimme und Klavier<br>(Hermann Hesse, Ina Seidel, Conrad Ferdinand Meyer)<\/td><\/tr><tr><td>85.<\/td><td>Lieder zu Gedichten von Conrad Ferdinand Meyer und Friedrich Hebbel<\/td><\/tr><tr><td>86.&nbsp;<\/td><td>Drei Eichendorff-Sonette<\/td><\/tr><\/tbody><\/table><\/figure>\n","protected":false},"excerpt":{"rendered":"<p>&nbsp;80. Sechs Lieder zu Gedichten von Hermann Hessef\u00fcr Tenor und Klavier(Originalmanuskript im Hesse-Archiv in Calw)[Auff\u00fchrungen in Calw, Esslingen, Pl\u00fcderhausen] 81.&nbsp; F\u00fcnf Lieder zu Gedichten von Hermann Hesse (neue Zusammenstellung)f\u00fcr Bariton und Klavier[Auff\u00fchrungen beim Internationalen Hesse-Kolloquium Calw 1988, in Trossingen, Schorndorf, Bonn] 82.&nbsp; Sechs H\u00f6lderlinges\u00e4nge f\u00fcr mittlere Stimme und Klavier[Urauff\u00fchrung 1988 in der Bundesakademie f\u00fcr musikalische [&hellip;]<\/p>\n","protected":false},"author":2,"featured_media":0,"parent":0,"menu_order":0,"comment_status":"closed","ping_status":"closed","template":"","meta":{"footnotes":""},"class_list":["post-79","page","type-page","status-publish","hentry"],"_links":{"self":[{"href":"http:\/\/www.laitenberger-kirchenmusik.de\/neu\/wp-json\/wp\/v2\/pages\/79","targetHints":{"allow":["GET"]}}],"collection":[{"href":"http:\/\/www.laitenberger-kirchenmusik.de\/neu\/wp-json\/wp\/v2\/pages"}],"about":[{"href":"http:\/\/www.laitenberger-kirchenmusik.de\/neu\/wp-json\/wp\/v2\/types\/page"}],"author":[{"embeddable":true,"href":"http:\/\/www.laitenberger-kirchenmusik.de\/neu\/wp-json\/wp\/v2\/users\/2"}],"replies":[{"embeddable":true,"href":"http:\/\/www.laitenberger-kirchenmusik.de\/neu\/wp-json\/wp\/v2\/comments?post=79"}],"version-history":[{"count":2,"href":"http:\/\/www.laitenberger-kirchenmusik.de\/neu\/wp-json\/wp\/v2\/pages\/79\/revisions"}],"predecessor-version":[{"id":279,"href":"http:\/\/www.laitenberger-kirchenmusik.de\/neu\/wp-json\/wp\/v2\/pages\/79\/revisions\/279"}],"wp:attachment":[{"href":"http:\/\/www.laitenberger-kirchenmusik.de\/neu\/wp-json\/wp\/v2\/media?parent=79"}],"curies":[{"name":"wp","href":"https:\/\/api.w.org\/{rel}","templated":true}]}}