{"id":85,"date":"2021-01-04T16:44:55","date_gmt":"2021-01-04T15:44:55","guid":{"rendered":"http:\/\/www.laitenberger-kirchenmusik.de\/neu\/?page_id=85"},"modified":"2021-01-04T16:44:55","modified_gmt":"2021-01-04T15:44:55","slug":"jugend-und-schulmusik","status":"publish","type":"page","link":"http:\/\/www.laitenberger-kirchenmusik.de\/neu\/jugend-und-schulmusik\/","title":{"rendered":"Jugend- und Schulmusik"},"content":{"rendered":"\n<figure class=\"wp-block-table is-style-stripes\"><table><tbody><tr><td>\u00a0104.<\/td><td>\u00a0Herbstkantate (1975) f\u00fcr 1stimmigen Kinderchor und Blockfl\u00f6ten (*)<\/td><\/tr><tr><td>105.&nbsp;<\/td><td>&#8222;Das Quartett&#8220;. Humoristische Kantate (1978) (*)<br>f\u00fcr 1-4stimmigen Kinderchor, Einzelstimmen, Fl\u00f6te, Klarinette, Violine, Kontrabass, Klavier und Schlagwerk<\/td><\/tr><tr><td>106.<\/td><td>18 Volkslieds\u00e4tze &#8211; Drei Weihnachtslieder (1979\/80) f\u00fcr Blockfl\u00f6tenquartett<\/td><\/tr><tr><td>107.&nbsp;<\/td><td>Ermunternde Chorals\u00e4tze (1989) f\u00fcr 2 Blockfl\u00f6ten (c\u2019 und f)<\/td><\/tr><tr><td>108.<\/td><td>Weihnachtsmusik\u00a0\u00a0&#8222;Christus lag in der Mutter Arm&#8220;\u00a0(1940) (*)f\u00fcr mittlere Stimme, 2stimmigen Kinderchor, Trompete, Violine, Klavier<\/td><\/tr><tr><td>109.<\/td><td>Kantate\u00a0\u00a0&#8222;Viel r\u00fcstige Gesellen&#8220;\u00a0(1935) (*)<br>f\u00fcr 1-3stimmigen gemischten Chor, Bariton und Jugendorchester<\/td><\/tr><tr><td>110.<\/td><td>Schuloper&nbsp;&nbsp;&#8222;Jungfrau Maleen&#8220;&nbsp;(1955) (*)<\/td><\/tr><tr><td>111.<\/td><td>Weitere Volkslieds\u00e4tze (*) mit und ohne Instrumentenbegleitung<\/td><\/tr><\/tbody><\/table><\/figure>\n","protected":false},"excerpt":{"rendered":"<p>\u00a0104. \u00a0Herbstkantate (1975) f\u00fcr 1stimmigen Kinderchor und Blockfl\u00f6ten (*) 105.&nbsp; &#8222;Das Quartett&#8220;. Humoristische Kantate (1978) (*)f\u00fcr 1-4stimmigen Kinderchor, Einzelstimmen, Fl\u00f6te, Klarinette, Violine, Kontrabass, Klavier und Schlagwerk 106. 18 Volkslieds\u00e4tze &#8211; Drei Weihnachtslieder (1979\/80) f\u00fcr Blockfl\u00f6tenquartett 107.&nbsp; Ermunternde Chorals\u00e4tze (1989) f\u00fcr 2 Blockfl\u00f6ten (c\u2019 und f) 108. Weihnachtsmusik\u00a0\u00a0&#8222;Christus lag in der Mutter Arm&#8220;\u00a0(1940) (*)f\u00fcr mittlere Stimme, [&hellip;]<\/p>\n","protected":false},"author":2,"featured_media":0,"parent":0,"menu_order":0,"comment_status":"closed","ping_status":"closed","template":"","meta":{"footnotes":""},"class_list":["post-85","page","type-page","status-publish","hentry"],"_links":{"self":[{"href":"http:\/\/www.laitenberger-kirchenmusik.de\/neu\/wp-json\/wp\/v2\/pages\/85","targetHints":{"allow":["GET"]}}],"collection":[{"href":"http:\/\/www.laitenberger-kirchenmusik.de\/neu\/wp-json\/wp\/v2\/pages"}],"about":[{"href":"http:\/\/www.laitenberger-kirchenmusik.de\/neu\/wp-json\/wp\/v2\/types\/page"}],"author":[{"embeddable":true,"href":"http:\/\/www.laitenberger-kirchenmusik.de\/neu\/wp-json\/wp\/v2\/users\/2"}],"replies":[{"embeddable":true,"href":"http:\/\/www.laitenberger-kirchenmusik.de\/neu\/wp-json\/wp\/v2\/comments?post=85"}],"version-history":[{"count":1,"href":"http:\/\/www.laitenberger-kirchenmusik.de\/neu\/wp-json\/wp\/v2\/pages\/85\/revisions"}],"predecessor-version":[{"id":86,"href":"http:\/\/www.laitenberger-kirchenmusik.de\/neu\/wp-json\/wp\/v2\/pages\/85\/revisions\/86"}],"wp:attachment":[{"href":"http:\/\/www.laitenberger-kirchenmusik.de\/neu\/wp-json\/wp\/v2\/media?parent=85"}],"curies":[{"name":"wp","href":"https:\/\/api.w.org\/{rel}","templated":true}]}}