{"id":87,"date":"2021-01-04T16:46:32","date_gmt":"2021-01-04T15:46:32","guid":{"rendered":"http:\/\/www.laitenberger-kirchenmusik.de\/neu\/?page_id=87"},"modified":"2021-09-29T14:35:33","modified_gmt":"2021-09-29T12:35:33","slug":"tontraeger","status":"publish","type":"page","link":"http:\/\/www.laitenberger-kirchenmusik.de\/neu\/tontraeger\/","title":{"rendered":"Tontr\u00e4ger"},"content":{"rendered":"\n<figure id=\"AutoNumber1\" class=\"wp-block-table is-style-stripes\"><table><tbody><tr><td>112.&nbsp;<\/td><td>CD: Lieder f\u00fcr Bariton und Klavier &#8211; Zwei Klavierst\u00fccke.Thomas Pfeiffer, Bariton; Wolfgang K\u00fcbler, KlavierBayer-Records, BR 900 003, DDD, 1990\/2003<br><a href=\"https:\/\/www.amazon.de\/Theophil-Laitenberger-Klavierwerke-Pfeiffer-Wolfgang\/dp\/B00XL9J9VS\" data-type=\"URL\" data-id=\"https:\/\/www.amazon.de\/Theophil-Laitenberger-Klavierwerke-Pfeiffer-Wolfgang\/dp\/B00XL9J9VS\">www.amazon.de<\/a>\u00a0\u00a0\u00a0<br>\u00a0<\/td><\/tr><tr><td>113.<\/td><td><strong>CD: Psalmenkonzert anl\u00e4sslich des 100. Geburtstages von Theophil Laitenberger<\/strong><br>mit: \u201ePsalm 75\u201c f\u00fcr Bariton, Violine und Orgel; \u201ePsalm 104\u201c f\u00fcr Soli, Chor und OrchesterSchorndorfer Kantorei, ensemble musica viva stuttgart, Pia Sch\u00e4fer-Mayer (Sopran), Andreas Weller (Tenor), Volker Spiegel (Bass), Sabine Kraut (Solovioline), Michaela Hartmann-Trummer (Orgel), Leitung: KMD Hannelore HindererAufzeichnung vom 19.10.2003, Stadtkirche Calw[vergriffen; Anfragen an:&nbsp;<a href=\"mailto:volkhard.laitenberger@gmx.de\">volkhard.laitenberger@gmx.de<\/a><\/td><\/tr><tr><td>114.<\/td><td><strong>CD: Meine Seele h\u00f6rt im Sehen.<\/strong><br>Musik durch das Kirchenjahr aus der Barockkirche in Zwillbrock<br>mit: Orgelchoral \u201eEs ist das Heil uns kommen her\u201c<br>Orgel: Kurt-Ludwig Forg<br>Klangsinn Tonstudio und Vertrieb, Best.-Nr. 100-127.05<br><a href=\"mailto:info@klangsinn.de\">info@klangsinn.de<\/a>&nbsp;&nbsp;<\/td><\/tr><tr><td>115.<\/td><td><strong>CD: Organ Works 2010<\/strong><br>Die CD ist bei Dabringhaus&amp;Grimm\/MDG, einem der international angesehensten deutschen Classic-Labels erschienen.&nbsp;Die Einspielung durch den Berliner Domorganisten Professor Dr. Andreas Sieling (an der Schuke-Orgel der Berliner Grunewald-kirche), den Bratschisten Wolfgang Talirz (Berliner Philharmoniker) und den Oboisten Luca Mariani (2007-2009 Stipendiat der Karajan-Akademie der Berliner Philharmoniker, derzeit Solo-Oboist in L\u00fcbeck) erf\u00fcllt h\u00f6chste Anspr\u00fcche.<br>Die CD wird vielfach angeboten, unter anderem beispielsweise bei:&nbsp;<br><a rel=\"noreferrer noopener\" href=\"http:\/\/www.jpc.de\/jpcng\/classic\/detail\/-\/art\/Theophil-Laitenberger-Orgelmusik\/hnum\/3279082\" target=\"_blank\">JPC<\/a>&nbsp;&#8211; Bestellm\u00f6glichkeit und H\u00f6rbeispiele &#8211;&nbsp;<br><a rel=\"noreferrer noopener\" href=\"http:\/\/www.mdg.de\/\" target=\"_blank\">Dabringhaus und Grimm<\/a>&nbsp;&#8211; im Juli 2010 unter Neuheiten &#8211;&nbsp;<br><a rel=\"noreferrer noopener\" href=\"http:\/\/www.amazon.de\/Orgelwerke-Andreas-Sieling\/dp\/B003OCE0WK\/ref=sr_1_3?ie=UTF8&amp;s=music&amp;qid=1278578706&amp;sr=8-3\" target=\"_blank\">Amazon.de<\/a>&nbsp;&#8211; Bestellm\u00f6glichkeit &#8211;<\/td><\/tr><\/tbody><\/table><\/figure>\n\n\n\n<p><\/p>\n","protected":false},"excerpt":{"rendered":"<p>112.&nbsp; CD: Lieder f\u00fcr Bariton und Klavier &#8211; Zwei Klavierst\u00fccke.Thomas Pfeiffer, Bariton; Wolfgang K\u00fcbler, KlavierBayer-Records, BR 900 003, DDD, 1990\/2003www.amazon.de\u00a0\u00a0\u00a0\u00a0 113. CD: Psalmenkonzert anl\u00e4sslich des 100. Geburtstages von Theophil Laitenbergermit: \u201ePsalm 75\u201c f\u00fcr Bariton, Violine und Orgel; \u201ePsalm 104\u201c f\u00fcr Soli, Chor und OrchesterSchorndorfer Kantorei, ensemble musica viva stuttgart, Pia Sch\u00e4fer-Mayer (Sopran), Andreas Weller (Tenor), [&hellip;]<\/p>\n","protected":false},"author":2,"featured_media":0,"parent":0,"menu_order":0,"comment_status":"closed","ping_status":"closed","template":"","meta":{"footnotes":""},"class_list":["post-87","page","type-page","status-publish","hentry"],"_links":{"self":[{"href":"http:\/\/www.laitenberger-kirchenmusik.de\/neu\/wp-json\/wp\/v2\/pages\/87","targetHints":{"allow":["GET"]}}],"collection":[{"href":"http:\/\/www.laitenberger-kirchenmusik.de\/neu\/wp-json\/wp\/v2\/pages"}],"about":[{"href":"http:\/\/www.laitenberger-kirchenmusik.de\/neu\/wp-json\/wp\/v2\/types\/page"}],"author":[{"embeddable":true,"href":"http:\/\/www.laitenberger-kirchenmusik.de\/neu\/wp-json\/wp\/v2\/users\/2"}],"replies":[{"embeddable":true,"href":"http:\/\/www.laitenberger-kirchenmusik.de\/neu\/wp-json\/wp\/v2\/comments?post=87"}],"version-history":[{"count":6,"href":"http:\/\/www.laitenberger-kirchenmusik.de\/neu\/wp-json\/wp\/v2\/pages\/87\/revisions"}],"predecessor-version":[{"id":356,"href":"http:\/\/www.laitenberger-kirchenmusik.de\/neu\/wp-json\/wp\/v2\/pages\/87\/revisions\/356"}],"wp:attachment":[{"href":"http:\/\/www.laitenberger-kirchenmusik.de\/neu\/wp-json\/wp\/v2\/media?parent=87"}],"curies":[{"name":"wp","href":"https:\/\/api.w.org\/{rel}","templated":true}]}}