{"id":89,"date":"2021-01-04T16:54:52","date_gmt":"2021-01-04T15:54:52","guid":{"rendered":"http:\/\/www.laitenberger-kirchenmusik.de\/neu\/?page_id=89"},"modified":"2021-11-09T21:59:54","modified_gmt":"2021-11-09T20:59:54","slug":"notenbeispiele","status":"publish","type":"page","link":"http:\/\/www.laitenberger-kirchenmusik.de\/neu\/notenbeispiele\/","title":{"rendered":"Notenbeispiele"},"content":{"rendered":"\n<div class=\"wp-block-columns is-layout-flex wp-container-core-columns-is-layout-9d6595d7 wp-block-columns-is-layout-flex\">\n<div class=\"wp-block-column is-layout-flow wp-block-column-is-layout-flow\" style=\"flex-basis:100%\">\n<div class=\"wp-block-group\"><div class=\"wp-block-group__inner-container is-layout-flow wp-block-group-is-layout-flow\">\n<p><a rel=\"noreferrer noopener\" href=\"http:\/\/www.laitenberger-kirchenmusik.de\/neu\/wp-content\/uploads\/2021\/01\/Der-Herr-ist-mein-getreuerN-1.jpg\" target=\"_blank\">Der Herr ist mein getreuer Hirt<\/a><br>3stimmiger Choralsatz<br>Aus Werkverzeichnis Nr. 42<\/p>\n<\/div><\/div>\n<\/div>\n<\/div>\n\n\n\n<p><a href=\"http:\/\/www.laitenberger-kirchenmusik.de\/neu\/wp-content\/uploads\/2021\/11\/Der-Herr-ist-mein-Licht.pdf\" target=\"_blank\" rel=\"noreferrer noopener\">Der Herr ist mein Licht und mein Heil<br><\/a>4stimmige Motette<br>Werkverzeichnis Nr. 34b<\/p>\n\n\n\n<p><a href=\"http:\/\/www.laitenberger-kirchenmusik.de\/neu\/wp-content\/uploads\/2021\/11\/Dies-ist-die-Nacht.pdf\" target=\"_blank\" rel=\"noreferrer noopener\">Dies ist die Nacht da mir erschienen\u00a0<br><\/a>(O dass ich tausend Zungen h\u00e4tte)<br>Choralvorspiel f\u00fcr Orgel<br>Aus Werkverzeichnis Nr. 50<\/p>\n\n\n\n<p><a href=\"http:\/\/www.laitenberger-kirchenmusik.de\/neu\/wp-content\/uploads\/2021\/11\/In-dulci-jubilo-b1.pdf\" target=\"_blank\" rel=\"noreferrer noopener\">In dulci jubilo<br><\/a>Choralmusik zur Weihnachtszeit<br>f\u00fcr Sopran oder Tenor und Orgel<br>Werkverzeichnis Nr. 29a<\/p>\n\n\n\n<p><a href=\"http:\/\/www.laitenberger-kirchenmusik.de\/neu\/wp-content\/uploads\/2021\/11\/UnsterblichduftendieLinden.pdf\" target=\"_blank\" rel=\"noreferrer noopener\">Unsterblich duften die Linden (Ina Seidel)<br><\/a>f\u00fcr mittlere Stimme und Klavier<br>Aus Werkverzeichnis Nr.84 <\/p>\n","protected":false},"excerpt":{"rendered":"<p>Der Herr ist mein getreuer Hirt3stimmiger ChoralsatzAus Werkverzeichnis Nr. 42 Der Herr ist mein Licht und mein Heil4stimmige MotetteWerkverzeichnis Nr. 34b Dies ist die Nacht da mir erschienen\u00a0(O dass ich tausend Zungen h\u00e4tte)Choralvorspiel f\u00fcr OrgelAus Werkverzeichnis Nr. 50 In dulci jubiloChoralmusik zur Weihnachtszeitf\u00fcr Sopran oder Tenor und OrgelWerkverzeichnis Nr. 29a Unsterblich duften die Linden (Ina [&hellip;]<\/p>\n","protected":false},"author":2,"featured_media":0,"parent":0,"menu_order":0,"comment_status":"closed","ping_status":"closed","template":"","meta":{"footnotes":""},"class_list":["post-89","page","type-page","status-publish","hentry"],"_links":{"self":[{"href":"http:\/\/www.laitenberger-kirchenmusik.de\/neu\/wp-json\/wp\/v2\/pages\/89","targetHints":{"allow":["GET"]}}],"collection":[{"href":"http:\/\/www.laitenberger-kirchenmusik.de\/neu\/wp-json\/wp\/v2\/pages"}],"about":[{"href":"http:\/\/www.laitenberger-kirchenmusik.de\/neu\/wp-json\/wp\/v2\/types\/page"}],"author":[{"embeddable":true,"href":"http:\/\/www.laitenberger-kirchenmusik.de\/neu\/wp-json\/wp\/v2\/users\/2"}],"replies":[{"embeddable":true,"href":"http:\/\/www.laitenberger-kirchenmusik.de\/neu\/wp-json\/wp\/v2\/comments?post=89"}],"version-history":[{"count":6,"href":"http:\/\/www.laitenberger-kirchenmusik.de\/neu\/wp-json\/wp\/v2\/pages\/89\/revisions"}],"predecessor-version":[{"id":379,"href":"http:\/\/www.laitenberger-kirchenmusik.de\/neu\/wp-json\/wp\/v2\/pages\/89\/revisions\/379"}],"wp:attachment":[{"href":"http:\/\/www.laitenberger-kirchenmusik.de\/neu\/wp-json\/wp\/v2\/media?parent=89"}],"curies":[{"name":"wp","href":"https:\/\/api.w.org\/{rel}","templated":true}]}}